{"id":3089,"date":"2023-08-02T15:24:53","date_gmt":"2023-08-02T13:24:53","guid":{"rendered":"https:\/\/2023.public-vision.tv\/?page_id=3089"},"modified":"2025-07-07T11:20:04","modified_gmt":"2025-07-07T09:20:04","slug":"impressum","status":"publish","type":"page","link":"https:\/\/public-vision.tv\/en\/impressum\/","title":{"rendered":"Impressum"},"content":{"rendered":"<p class=\"has-background-color has-text-color has-link-color wp-elements-d4dd46e6b3f791b8d876a48e2ab1d537\">Herausgeber der Seite:<br><\/p>\n\n\n\n<p class=\"has-background-color has-text-color has-link-color wp-elements-618387dffcc82d8c8ae2a89e2cb4da17\">public vision GmbH (TV &amp; Video)<\/p>\n\n\n\n<p class=\"has-background-color has-text-color has-link-color wp-elements-7011c2bb05773015c1338c14346e9487\">Gesch\u00e4ftsf\u00fchrer: Lars Bastian | Amtsgericht D\u00fcsseldorf<br>HRB 68740 | Ust.-IdNr. DE285941167 | St.-Nr. 106\/5734\/1600<br>Tel: 0049 (0) 211-9023467 | Fax: 0049 (0) 211-3982626<\/p>\n\n\n\n<p class=\"has-background-color has-text-color has-link-color wp-elements-e5ce9c9fe982f8b508bf1504f764dea1\">Anschrift:<\/p>\n\n\n\n<p class=\"has-background-color has-text-color has-link-color wp-elements-9845a72a56fa102ae0e4985f75734850\">Stromstr. 41<br>40221 D\u00fcsseldorf<br>Germany<\/p>\n\n\n\n<p class=\"has-background-color has-text-color has-link-color wp-elements-0a00c12bb16c9622c5e5c9e02cd1b13c\">e-Post: <a href=\"mailto:kontakt@public-vision.tv\">kontakt@public-vision.tv<\/a><\/p>\n\n\n\n<h3 class=\"wp-block-heading\">Programmierung &amp; Design<\/h3>\n\n\n\n<p class=\"has-background-color has-text-color has-link-color wp-elements-487fdad2e62772ff2b24d931102f2b61\"><a href=\"https:\/\/public-vision.tv\/en\/\">public vision GmbH<\/a><\/p>\n\n\n\n<h3 class=\"wp-block-heading\">Haftungsausschuss<\/h3>\n\n\n\n<p class=\"has-background-color has-text-color has-link-color wp-elements-aef088a595dded619009978d12f4cd43\">Die auf der Internetseite www.public-vision.tv enthaltenen Angaben und Mitteilungen sind ausschlie\u00dflich zur Information bestimmt und begr\u00fcnden kein Angebot zum Abschluss von Vertr\u00e4gen oder sonstigen Rechtsgesch\u00e4ften. F\u00fcr den Inhalt von Angeboten, zu denen eine Verbindung per Link m\u00f6glich ist, und die nicht von public vision GmbH stammen, wird keine Verantwortlichkeit und Haftung \u00fcbernommen.<\/p>\n\n\n\n<h3 class=\"wp-block-heading\">Copyright<\/h3>\n\n\n\n<p class=\"has-background-color has-text-color has-link-color wp-elements-c3ba1c9cfe68d4873a9c65837d30a9c9\">Alle Daten dieser Website genie\u00dfen urheberrechtlichen Schutz. Jede Bearbeitung, Vervielf\u00e4ltigung, Verbreitung und\/oder \u00f6ffentliche Wiedergabe, insbesondere die ungenehmigte \u00dcbernahme in ein Internet-Angebot, stellt einen Urheberrechtsversto\u00df dar, der strafrechtlich verfolgt werden und zum Schadensersatz verpflichten kann. Dies gilt nicht f\u00fcr Daten, deren Nutzung zuvor ausdr\u00fccklich freigegeben worden ist bzw. die auf der Website zur entsprechenden Nutzung gekennzeichnet worden sind.<\/p>\n\n\n\n<h3 class=\"wp-block-heading\">Hinweis<\/h3>\n\n\n\n<p class=\"has-background-color has-text-color has-link-color wp-elements-a595aed848dad2f960c1973514bcfe4c\">Zur Richtigkeit der Inhalte: Auch wenn diese Internet-Seiten sorgf\u00e4ltig gepr\u00fcft wurden, k\u00f6nnen wir keine Garantie daf\u00fcr \u00fcbernehmen, dass die Angaben vollst\u00e4ndig, richtig und in jedem Fall aktuell sind. Dies gilt auch f\u00fcr alle Verbindungen, auf die diese Webseiten direkt oder indirekt verweisen.<\/p>\n\n\n\n<p class=\"has-background-color has-text-color has-link-color wp-elements-927a5cabfc962f4d3188ed1ef57ac00f\">\u00a9 2021 public vision GmbH. Alle Rechte vorbehalten.<\/p>\n\n\n\n<p class=\"has-background-color has-text-color has-link-color wp-elements-01991de18331f378ca58d7ea0e6d2e11\"><a href=\"https:\/\/public-vision.tv\/en\/datenschutz\/\" target=\"_blank\" rel=\"noreferrer noopener\">Datenschutzerkl\u00e4rung<\/a><\/p>","protected":false},"excerpt":{"rendered":"<p>Herausgeber der Seite: public vision GmbH (TV &amp; Video) Gesch\u00e4ftsf\u00fchrer: Lars Bastian | Amtsgericht D\u00fcsseldorfHRB 68740 | Ust.-IdNr. DE285941167 | St.-Nr. 106\/5734\/1600Tel: 0049 (0) 211-9023467 | Fax: 0049 (0) 211-3982626 Anschrift: Stromstr. 4140221 D\u00fcsseldorfDeutschland e-Post: kontakt@public-vision.tv Programmierung &amp; Design public vision GmbH Haftungsausschuss Die auf der Internetseite www.public-vision.tv enthaltenen Angaben und Mitteilungen sind ausschlie\u00dflich zur [&hellip;]<\/p>\n","protected":false},"author":3,"featured_media":0,"parent":0,"menu_order":0,"comment_status":"closed","ping_status":"closed","template":"page-large-header","meta":{"_eb_attr":"","footnotes":""},"class_list":["post-3089","page","type-page","status-publish","hentry"],"yoast_head":"<!-- This site is optimized with the Yoast SEO plugin v27.5 - https:\/\/yoast.com\/product\/yoast-seo-wordpress\/ -->\n<title>Impressum - public vision - Videoproduktion und Filmproduktion aus D\u00fcsseldorf<\/title>\n<meta name=\"robots\" content=\"index, follow, max-snippet:-1, max-image-preview:large, max-video-preview:-1\" \/>\n<link rel=\"canonical\" href=\"https:\/\/public-vision.tv\/en\/impressum\/\" \/>\n<meta property=\"og:locale\" content=\"en_US\" \/>\n<meta property=\"og:type\" content=\"article\" \/>\n<meta property=\"og:title\" content=\"Impressum - public vision - Videoproduktion und Filmproduktion aus D\u00fcsseldorf\" \/>\n<meta property=\"og:description\" content=\"Herausgeber der Seite: public vision GmbH (TV &amp; Video) Gesch\u00e4ftsf\u00fchrer: Lars Bastian | Amtsgericht D\u00fcsseldorfHRB 68740 | Ust.-IdNr. DE285941167 | St.-Nr. 106\/5734\/1600Tel: 0049 (0) 211-9023467 | Fax: 0049 (0) 211-3982626 Anschrift: Stromstr. 4140221 D\u00fcsseldorfDeutschland e-Post: kontakt@public-vision.tv Programmierung &amp; Design public vision GmbH Haftungsausschuss Die auf der Internetseite www.public-vision.tv enthaltenen Angaben und Mitteilungen sind ausschlie\u00dflich zur [&hellip;]\" \/>\n<meta property=\"og:url\" content=\"https:\/\/public-vision.tv\/en\/impressum\/\" \/>\n<meta property=\"og:site_name\" content=\"public vision - Videoproduktion und Filmproduktion aus D\u00fcsseldorf\" \/>\n<meta property=\"article:publisher\" content=\"https:\/\/www.facebook.com\/publicvision.de\/\" \/>\n<meta property=\"article:modified_time\" content=\"2025-07-07T09:20:04+00:00\" \/>\n<meta name=\"twitter:card\" content=\"summary_large_image\" \/>\n<meta name=\"twitter:label1\" content=\"Est. reading time\" \/>\n\t<meta name=\"twitter:data1\" content=\"2 minutes\" \/>\n<script type=\"application\/ld+json\" class=\"yoast-schema-graph\">{\"@context\":\"https:\\\/\\\/schema.org\",\"@graph\":[{\"@type\":\"WebPage\",\"@id\":\"https:\\\/\\\/public-vision.tv\\\/impressum\\\/\",\"url\":\"https:\\\/\\\/public-vision.tv\\\/impressum\\\/\",\"name\":\"Impressum - public vision - Videoproduktion und Filmproduktion aus D\u00fcsseldorf\",\"isPartOf\":{\"@id\":\"https:\\\/\\\/public-vision.tv\\\/#website\"},\"datePublished\":\"2023-08-02T13:24:53+00:00\",\"dateModified\":\"2025-07-07T09:20:04+00:00\",\"breadcrumb\":{\"@id\":\"https:\\\/\\\/public-vision.tv\\\/impressum\\\/#breadcrumb\"},\"inLanguage\":\"en-US\",\"potentialAction\":[{\"@type\":\"ReadAction\",\"target\":[\"https:\\\/\\\/public-vision.tv\\\/impressum\\\/\"]}]},{\"@type\":\"BreadcrumbList\",\"@id\":\"https:\\\/\\\/public-vision.tv\\\/impressum\\\/#breadcrumb\",\"itemListElement\":[{\"@type\":\"ListItem\",\"position\":1,\"name\":\"Startseite\",\"item\":\"https:\\\/\\\/public-vision.tv\\\/\"},{\"@type\":\"ListItem\",\"position\":2,\"name\":\"Impressum\"}]},{\"@type\":\"WebSite\",\"@id\":\"https:\\\/\\\/public-vision.tv\\\/#website\",\"url\":\"https:\\\/\\\/public-vision.tv\\\/\",\"name\":\"public vision - Videoproduktion und Filmproduktion aus D\u00fcsseldorf\",\"description\":\"public vision GmbH ist eine Film- und Videoproduktionsfirma aus D\u00fcsseldorf mit \u00fcber 20 Jahren Erfahrung. Von TV-Produktionen, Werbungen, Livestreams bis hin zu Social Media-Kampagnen setzen wir Ihre Projekte kreativ und zielgerecht um.\",\"publisher\":{\"@id\":\"https:\\\/\\\/public-vision.tv\\\/#organization\"},\"potentialAction\":[{\"@type\":\"SearchAction\",\"target\":{\"@type\":\"EntryPoint\",\"urlTemplate\":\"https:\\\/\\\/public-vision.tv\\\/?s={search_term_string}\"},\"query-input\":{\"@type\":\"PropertyValueSpecification\",\"valueRequired\":true,\"valueName\":\"search_term_string\"}}],\"inLanguage\":\"en-US\"},{\"@type\":\"Organization\",\"@id\":\"https:\\\/\\\/public-vision.tv\\\/#organization\",\"name\":\"public vision - Videoproduktion und Filmproduktion aus D\u00fcsseldorf\",\"url\":\"https:\\\/\\\/public-vision.tv\\\/\",\"logo\":{\"@type\":\"ImageObject\",\"inLanguage\":\"en-US\",\"@id\":\"https:\\\/\\\/public-vision.tv\\\/#\\\/schema\\\/logo\\\/image\\\/\",\"url\":\"https:\\\/\\\/public-vision.tv\\\/wp-content\\\/uploads\\\/2023\\\/03\\\/cropped-cropped-PV_Logo_2048x1152.png\",\"contentUrl\":\"https:\\\/\\\/public-vision.tv\\\/wp-content\\\/uploads\\\/2023\\\/03\\\/cropped-cropped-PV_Logo_2048x1152.png\",\"width\":2047,\"height\":683,\"caption\":\"public vision - Videoproduktion und Filmproduktion aus D\u00fcsseldorf\"},\"image\":{\"@id\":\"https:\\\/\\\/public-vision.tv\\\/#\\\/schema\\\/logo\\\/image\\\/\"},\"sameAs\":[\"https:\\\/\\\/www.facebook.com\\\/publicvision.de\\\/\",\"https:\\\/\\\/www.youtube.com\\\/user\\\/publicvisiontv\",\"https:\\\/\\\/www.instagram.com\\\/public_vision\\\/?hl=de\",\"https:\\\/\\\/www.tiktok.com\\\/@public_vision_gmbh\"]}]}<\/script>\n<!-- \/ Yoast SEO plugin. -->","yoast_head_json":{"title":"Impressum - public vision - Videoproduktion und Filmproduktion aus D\u00fcsseldorf","robots":{"index":"index","follow":"follow","max-snippet":"max-snippet:-1","max-image-preview":"max-image-preview:large","max-video-preview":"max-video-preview:-1"},"canonical":"https:\/\/public-vision.tv\/en\/impressum\/","og_locale":"en_US","og_type":"article","og_title":"Impressum - public vision - Videoproduktion und Filmproduktion aus D\u00fcsseldorf","og_description":"Herausgeber der Seite: public vision GmbH (TV &amp; Video) Gesch\u00e4ftsf\u00fchrer: Lars Bastian | Amtsgericht D\u00fcsseldorfHRB 68740 | Ust.-IdNr. DE285941167 | St.-Nr. 106\/5734\/1600Tel: 0049 (0) 211-9023467 | Fax: 0049 (0) 211-3982626 Anschrift: Stromstr. 4140221 D\u00fcsseldorfDeutschland e-Post: kontakt@public-vision.tv Programmierung &amp; Design public vision GmbH Haftungsausschuss Die auf der Internetseite www.public-vision.tv enthaltenen Angaben und Mitteilungen sind ausschlie\u00dflich zur [&hellip;]","og_url":"https:\/\/public-vision.tv\/en\/impressum\/","og_site_name":"public vision - Videoproduktion und Filmproduktion aus D\u00fcsseldorf","article_publisher":"https:\/\/www.facebook.com\/publicvision.de\/","article_modified_time":"2025-07-07T09:20:04+00:00","twitter_card":"summary_large_image","twitter_misc":{"Est. reading time":"2 minutes"},"schema":{"@context":"https:\/\/schema.org","@graph":[{"@type":"WebPage","@id":"https:\/\/public-vision.tv\/impressum\/","url":"https:\/\/public-vision.tv\/impressum\/","name":"Impressum - public vision - Videoproduktion und Filmproduktion aus D\u00fcsseldorf","isPartOf":{"@id":"https:\/\/public-vision.tv\/#website"},"datePublished":"2023-08-02T13:24:53+00:00","dateModified":"2025-07-07T09:20:04+00:00","breadcrumb":{"@id":"https:\/\/public-vision.tv\/impressum\/#breadcrumb"},"inLanguage":"en-US","potentialAction":[{"@type":"ReadAction","target":["https:\/\/public-vision.tv\/impressum\/"]}]},{"@type":"BreadcrumbList","@id":"https:\/\/public-vision.tv\/impressum\/#breadcrumb","itemListElement":[{"@type":"ListItem","position":1,"name":"Startseite","item":"https:\/\/public-vision.tv\/"},{"@type":"ListItem","position":2,"name":"Impressum"}]},{"@type":"WebSite","@id":"https:\/\/public-vision.tv\/#website","url":"https:\/\/public-vision.tv\/","name":"public vision - Videoproduktion und Filmproduktion aus D\u00fcsseldorf","description":"public vision GmbH ist eine Film- und Videoproduktionsfirma aus D\u00fcsseldorf mit \u00fcber 20 Jahren Erfahrung. Von TV-Produktionen, Werbungen, Livestreams bis hin zu Social Media-Kampagnen setzen wir Ihre Projekte kreativ und zielgerecht um.","publisher":{"@id":"https:\/\/public-vision.tv\/#organization"},"potentialAction":[{"@type":"SearchAction","target":{"@type":"EntryPoint","urlTemplate":"https:\/\/public-vision.tv\/?s={search_term_string}"},"query-input":{"@type":"PropertyValueSpecification","valueRequired":true,"valueName":"search_term_string"}}],"inLanguage":"en-US"},{"@type":"Organization","@id":"https:\/\/public-vision.tv\/#organization","name":"public vision - Videoproduktion und Filmproduktion aus D\u00fcsseldorf","url":"https:\/\/public-vision.tv\/","logo":{"@type":"ImageObject","inLanguage":"en-US","@id":"https:\/\/public-vision.tv\/#\/schema\/logo\/image\/","url":"https:\/\/public-vision.tv\/wp-content\/uploads\/2023\/03\/cropped-cropped-PV_Logo_2048x1152.png","contentUrl":"https:\/\/public-vision.tv\/wp-content\/uploads\/2023\/03\/cropped-cropped-PV_Logo_2048x1152.png","width":2047,"height":683,"caption":"public vision - Videoproduktion und Filmproduktion aus D\u00fcsseldorf"},"image":{"@id":"https:\/\/public-vision.tv\/#\/schema\/logo\/image\/"},"sameAs":["https:\/\/www.facebook.com\/publicvision.de\/","https:\/\/www.youtube.com\/user\/publicvisiontv","https:\/\/www.instagram.com\/public_vision\/?hl=de","https:\/\/www.tiktok.com\/@public_vision_gmbh"]}]}},"_links":{"self":[{"href":"https:\/\/public-vision.tv\/en\/wp-json\/wp\/v2\/pages\/3089","targetHints":{"allow":["GET"]}}],"collection":[{"href":"https:\/\/public-vision.tv\/en\/wp-json\/wp\/v2\/pages"}],"about":[{"href":"https:\/\/public-vision.tv\/en\/wp-json\/wp\/v2\/types\/page"}],"author":[{"embeddable":true,"href":"https:\/\/public-vision.tv\/en\/wp-json\/wp\/v2\/users\/3"}],"replies":[{"embeddable":true,"href":"https:\/\/public-vision.tv\/en\/wp-json\/wp\/v2\/comments?post=3089"}],"version-history":[{"count":0,"href":"https:\/\/public-vision.tv\/en\/wp-json\/wp\/v2\/pages\/3089\/revisions"}],"wp:attachment":[{"href":"https:\/\/public-vision.tv\/en\/wp-json\/wp\/v2\/media?parent=3089"}],"curies":[{"name":"wp","href":"https:\/\/api.w.org\/{rel}","templated":true}]}}