{"id":3410,"date":"2024-05-23T12:10:04","date_gmt":"2024-05-23T10:10:04","guid":{"rendered":"https:\/\/public-vision.tv\/?page_id=3410"},"modified":"2026-01-28T16:20:59","modified_gmt":"2026-01-28T15:20:59","slug":"galileo","status":"publish","type":"page","link":"https:\/\/public-vision.tv\/en\/galileo\/","title":{"rendered":"ProSieben Galileo"},"content":{"rendered":"<h1 class=\"wp-block-heading has-text-align-center alignwide has-white-color has-text-color has-background-color has-system-font-font-family has-xx-large-font-size\" style=\"margin-top:var(--wp--preset--spacing--50);margin-right:var(--wp--preset--spacing--50);margin-bottom:var(--wp--preset--spacing--50);margin-left:var(--wp--preset--spacing--50);padding-top:0;padding-right:0;padding-bottom:0;padding-left:0;font-style:normal;font-weight:1000;letter-spacing:0px;line-height:1.5;text-transform:uppercase\"><mark style=\"background-color:#000000\" class=\"has-inline-color has-background-color\">ProSiebe<\/mark>n &#8211; Galileo<\/h1>\n\n\n\n<div class=\"wp-block-essential-blocks-advanced-video alignwide  root-eb-advanced-video-2wmw1o3\"><div class=\"eb-parent-wrapper eb-parent-eb-advanced-video-2wmw1o3\"><div class=\"eb-advanced-video-wrapper eb-advanced-video-2wmw1o3 none\" data-id=\"eb-advanced-video-2wmw1o3\"><div class=\"eb-player-wrapper eb-advanced-video-2wmw1o3\"><div class=\"eb-player-option none right\" data-id=\"eb-advanced-video-2wmw1o3\" data-url=\"https:\/\/www.youtube.com\/watch?v=wz4z2bM1IW0\" data-option=\"none\" data-controls=\"true\" data-loop=\"false\" data-muted=\"true\" data-playing=\"true\" data-overlay=\"true\" data-light=\"https:\/\/public-vision.tv\/wp-content\/uploads\/2023\/04\/vorschaubild_schildkroete_galileo.png\" data-customplayicontype=\"image\" data-customplayiconlib=\"fas fa-play-circle\" data-customplayicon=\"false\" data-playicon=\"https:\/\/public-vision.tv\/wp-content\/plugins\/essential-blocks\/assets\/images\/adv-video-playicon.svg\" data-download=\"false\"><\/div><\/div><\/div><\/div><\/div>\n\n\n\n<hr class=\"wp-block-separator has-alpha-channel-opacity\"\/>\n\n\n\n<p class=\"has-background-color has-text-color has-link-color wp-elements-8d9c4d0138006742587f0be48abb64c6\">Camera crews from public vision have been working for Pro7 for many years. Their work is used in a wide variety of formats on the channel. Filming takes place both in North Rhine-Westphalia and worldwide. This often results in extraordinary reports such as this one about the work of German police inspector Marcel Meierhofer, who uses drones and sniffer dogs on the Cape Verde island of Boa Vista to support the Turtle Foundation in its fight against poachers.<\/p>\n\n\n\n<div class=\"wp-block-columns is-layout-flex wp-container-core-columns-is-layout-d0b3c9c8 wp-block-columns-is-layout-flex\">\n<div class=\"wp-block-column is-layout-flow wp-block-column-is-layout-flow\">\n<figure class=\"wp-block-image size-large\"><img loading=\"lazy\" decoding=\"async\" width=\"1024\" height=\"576\" src=\"https:\/\/public-vision.tv\/wp-content\/uploads\/2024\/04\/Boa_Vista_2.00_17_04_12.Standbild002-1024x576.jpg\" alt=\"\" class=\"wp-image-3417\" srcset=\"https:\/\/public-vision.tv\/wp-content\/uploads\/2024\/04\/Boa_Vista_2.00_17_04_12.Standbild002-1024x576.jpg 1024w, https:\/\/public-vision.tv\/wp-content\/uploads\/2024\/04\/Boa_Vista_2.00_17_04_12.Standbild002-300x169.jpg 300w, https:\/\/public-vision.tv\/wp-content\/uploads\/2024\/04\/Boa_Vista_2.00_17_04_12.Standbild002-768x432.jpg 768w, https:\/\/public-vision.tv\/wp-content\/uploads\/2024\/04\/Boa_Vista_2.00_17_04_12.Standbild002-1536x864.jpg 1536w, https:\/\/public-vision.tv\/wp-content\/uploads\/2024\/04\/Boa_Vista_2.00_17_04_12.Standbild002-18x10.jpg 18w, https:\/\/public-vision.tv\/wp-content\/uploads\/2024\/04\/Boa_Vista_2.00_17_04_12.Standbild002.jpg 2048w\" sizes=\"auto, (max-width: 1024px) 100vw, 1024px\" \/><\/figure>\n<\/div>\n\n\n\n<div class=\"wp-block-column is-layout-flow wp-block-column-is-layout-flow\">\n<figure class=\"wp-block-image size-large\"><img loading=\"lazy\" decoding=\"async\" width=\"1024\" height=\"576\" src=\"https:\/\/public-vision.tv\/wp-content\/uploads\/2024\/04\/Boa_Vista_2.00_17_19_17.Standbild003-1024x576.jpg\" alt=\"\" class=\"wp-image-3419\" srcset=\"https:\/\/public-vision.tv\/wp-content\/uploads\/2024\/04\/Boa_Vista_2.00_17_19_17.Standbild003-1024x576.jpg 1024w, https:\/\/public-vision.tv\/wp-content\/uploads\/2024\/04\/Boa_Vista_2.00_17_19_17.Standbild003-300x169.jpg 300w, https:\/\/public-vision.tv\/wp-content\/uploads\/2024\/04\/Boa_Vista_2.00_17_19_17.Standbild003-768x432.jpg 768w, https:\/\/public-vision.tv\/wp-content\/uploads\/2024\/04\/Boa_Vista_2.00_17_19_17.Standbild003-1536x864.jpg 1536w, https:\/\/public-vision.tv\/wp-content\/uploads\/2024\/04\/Boa_Vista_2.00_17_19_17.Standbild003-18x10.jpg 18w, https:\/\/public-vision.tv\/wp-content\/uploads\/2024\/04\/Boa_Vista_2.00_17_19_17.Standbild003.jpg 2048w\" sizes=\"auto, (max-width: 1024px) 100vw, 1024px\" \/><\/figure>\n<\/div>\n<\/div>\n\n\n\n<div style=\"height:5px\" aria-hidden=\"true\" class=\"wp-block-spacer\"><\/div>\n\n\n\n<figure class=\"wp-block-image size-large\"><img loading=\"lazy\" decoding=\"async\" width=\"1024\" height=\"576\" src=\"https:\/\/public-vision.tv\/wp-content\/uploads\/2024\/04\/Boa_Vista_2.00_13_34_04.Standbild005-1024x576.jpg\" alt=\"\" class=\"wp-image-3418\" srcset=\"https:\/\/public-vision.tv\/wp-content\/uploads\/2024\/04\/Boa_Vista_2.00_13_34_04.Standbild005-1024x576.jpg 1024w, https:\/\/public-vision.tv\/wp-content\/uploads\/2024\/04\/Boa_Vista_2.00_13_34_04.Standbild005-300x169.jpg 300w, https:\/\/public-vision.tv\/wp-content\/uploads\/2024\/04\/Boa_Vista_2.00_13_34_04.Standbild005-768x432.jpg 768w, https:\/\/public-vision.tv\/wp-content\/uploads\/2024\/04\/Boa_Vista_2.00_13_34_04.Standbild005-1536x864.jpg 1536w, https:\/\/public-vision.tv\/wp-content\/uploads\/2024\/04\/Boa_Vista_2.00_13_34_04.Standbild005-18x10.jpg 18w, https:\/\/public-vision.tv\/wp-content\/uploads\/2024\/04\/Boa_Vista_2.00_13_34_04.Standbild005.jpg 1920w\" sizes=\"auto, (max-width: 1024px) 100vw, 1024px\" \/><\/figure>\n\n\n\n<figure class=\"wp-block-image size-large\"><img loading=\"lazy\" decoding=\"async\" width=\"1024\" height=\"576\" src=\"https:\/\/public-vision.tv\/wp-content\/uploads\/2024\/04\/Boa_Vista_2.00_14_52_49.Standbild004-1024x576.jpg\" alt=\"\" class=\"wp-image-3420\" srcset=\"https:\/\/public-vision.tv\/wp-content\/uploads\/2024\/04\/Boa_Vista_2.00_14_52_49.Standbild004-1024x576.jpg 1024w, https:\/\/public-vision.tv\/wp-content\/uploads\/2024\/04\/Boa_Vista_2.00_14_52_49.Standbild004-300x169.jpg 300w, https:\/\/public-vision.tv\/wp-content\/uploads\/2024\/04\/Boa_Vista_2.00_14_52_49.Standbild004-768x432.jpg 768w, https:\/\/public-vision.tv\/wp-content\/uploads\/2024\/04\/Boa_Vista_2.00_14_52_49.Standbild004-1536x864.jpg 1536w, https:\/\/public-vision.tv\/wp-content\/uploads\/2024\/04\/Boa_Vista_2.00_14_52_49.Standbild004-18x10.jpg 18w, https:\/\/public-vision.tv\/wp-content\/uploads\/2024\/04\/Boa_Vista_2.00_14_52_49.Standbild004.jpg 2048w\" sizes=\"auto, (max-width: 1024px) 100vw, 1024px\" \/><\/figure>","protected":false},"excerpt":{"rendered":"<p>ProSieben &#8211; Galileo Kamerateams von public vision sind schon seit vielen Jahren f\u00fcr Pro7 im Einsatz. Mit ihrer Arbeit best\u00fccken sie die verschiedensten Formate des Senders. Die Dreharbeiten finden sowohl in NRW als auch weltweit statt. Dabei entstehen oft au\u00dfergew\u00f6hnliche Reportagen wie diese, \u00fcber die Arbeit des deutschen Kommissars Marcel Meierhofer, der mit Drohnen und [&hellip;]<\/p>\n","protected":false},"author":3,"featured_media":0,"parent":0,"menu_order":0,"comment_status":"closed","ping_status":"closed","template":"page-large-header","meta":{"_eb_attr":"","footnotes":""},"class_list":["post-3410","page","type-page","status-publish","hentry"],"yoast_head":"<!-- This site is optimized with the Yoast SEO plugin v27.3 - https:\/\/yoast.com\/product\/yoast-seo-wordpress\/ -->\n<title>ProSieben Galileo TV-Produktion \u2013 Referenz<\/title>\n<meta name=\"description\" content=\"Videoproduktion f\u00fcr das Wissensmagazin Galileo (ProSieben) \u2013 Reportagen und Dreharbeiten weltweit realisiert von public vision. Langj\u00e4hrige Zusammenarbeit.\" \/>\n<meta name=\"robots\" content=\"index, follow, max-snippet:-1, max-image-preview:large, max-video-preview:-1\" \/>\n<link rel=\"canonical\" href=\"https:\/\/public-vision.tv\/en\/galileo\/\" \/>\n<meta property=\"og:locale\" content=\"en_US\" \/>\n<meta property=\"og:type\" content=\"article\" \/>\n<meta property=\"og:title\" content=\"ProSieben Galileo TV-Produktion \u2013 Referenz\" \/>\n<meta property=\"og:description\" content=\"Videoproduktion f\u00fcr das Wissensmagazin Galileo (ProSieben) \u2013 Reportagen und Dreharbeiten weltweit realisiert von public vision. Langj\u00e4hrige Zusammenarbeit.\" \/>\n<meta property=\"og:url\" content=\"https:\/\/public-vision.tv\/en\/galileo\/\" \/>\n<meta property=\"og:site_name\" content=\"public vision - Videoproduktion und Filmproduktion aus D\u00fcsseldorf\" \/>\n<meta property=\"article:publisher\" content=\"https:\/\/www.facebook.com\/publicvision.de\/\" \/>\n<meta property=\"article:modified_time\" content=\"2026-01-28T15:20:59+00:00\" \/>\n<meta property=\"og:image\" content=\"https:\/\/public-vision.tv\/wp-content\/uploads\/2024\/04\/Boa_Vista_2.00_17_04_12.Standbild002.jpg\" \/>\n\t<meta property=\"og:image:width\" content=\"2048\" \/>\n\t<meta property=\"og:image:height\" content=\"1152\" \/>\n\t<meta property=\"og:image:type\" content=\"image\/jpeg\" \/>\n<meta name=\"twitter:card\" content=\"summary_large_image\" \/>\n<meta name=\"twitter:label1\" content=\"Est. reading time\" \/>\n\t<meta name=\"twitter:data1\" content=\"2 minutes\" \/>\n<script type=\"application\/ld+json\" class=\"yoast-schema-graph\">{\"@context\":\"https:\\\/\\\/schema.org\",\"@graph\":[{\"@type\":\"WebPage\",\"@id\":\"https:\\\/\\\/public-vision.tv\\\/galileo\\\/\",\"url\":\"https:\\\/\\\/public-vision.tv\\\/galileo\\\/\",\"name\":\"ProSieben Galileo TV-Produktion \u2013 Referenz\",\"isPartOf\":{\"@id\":\"https:\\\/\\\/public-vision.tv\\\/#website\"},\"primaryImageOfPage\":{\"@id\":\"https:\\\/\\\/public-vision.tv\\\/galileo\\\/#primaryimage\"},\"image\":{\"@id\":\"https:\\\/\\\/public-vision.tv\\\/galileo\\\/#primaryimage\"},\"thumbnailUrl\":\"https:\\\/\\\/public-vision.tv\\\/wp-content\\\/uploads\\\/2024\\\/04\\\/Boa_Vista_2.00_17_04_12.Standbild002-1024x576.jpg\",\"datePublished\":\"2024-05-23T10:10:04+00:00\",\"dateModified\":\"2026-01-28T15:20:59+00:00\",\"description\":\"Videoproduktion f\u00fcr das Wissensmagazin Galileo (ProSieben) \u2013 Reportagen und Dreharbeiten weltweit realisiert von public vision. Langj\u00e4hrige Zusammenarbeit.\",\"breadcrumb\":{\"@id\":\"https:\\\/\\\/public-vision.tv\\\/galileo\\\/#breadcrumb\"},\"inLanguage\":\"en-US\",\"potentialAction\":[{\"@type\":\"ReadAction\",\"target\":[\"https:\\\/\\\/public-vision.tv\\\/galileo\\\/\"]}]},{\"@type\":\"ImageObject\",\"inLanguage\":\"en-US\",\"@id\":\"https:\\\/\\\/public-vision.tv\\\/galileo\\\/#primaryimage\",\"url\":\"https:\\\/\\\/public-vision.tv\\\/wp-content\\\/uploads\\\/2024\\\/04\\\/Boa_Vista_2.00_17_04_12.Standbild002-1024x576.jpg\",\"contentUrl\":\"https:\\\/\\\/public-vision.tv\\\/wp-content\\\/uploads\\\/2024\\\/04\\\/Boa_Vista_2.00_17_04_12.Standbild002-1024x576.jpg\"},{\"@type\":\"BreadcrumbList\",\"@id\":\"https:\\\/\\\/public-vision.tv\\\/galileo\\\/#breadcrumb\",\"itemListElement\":[{\"@type\":\"ListItem\",\"position\":1,\"name\":\"Startseite\",\"item\":\"https:\\\/\\\/public-vision.tv\\\/\"},{\"@type\":\"ListItem\",\"position\":2,\"name\":\"ProSieben Galileo\"}]},{\"@type\":\"WebSite\",\"@id\":\"https:\\\/\\\/public-vision.tv\\\/#website\",\"url\":\"https:\\\/\\\/public-vision.tv\\\/\",\"name\":\"public vision - Videoproduktion und Filmproduktion aus D\u00fcsseldorf\",\"description\":\"public vision GmbH ist eine Film- und Videoproduktionsfirma aus D\u00fcsseldorf mit \u00fcber 20 Jahren Erfahrung. Von TV-Produktionen, Werbungen, Livestreams bis hin zu Social Media-Kampagnen setzen wir Ihre Projekte kreativ und zielgerecht um.\",\"publisher\":{\"@id\":\"https:\\\/\\\/public-vision.tv\\\/#organization\"},\"potentialAction\":[{\"@type\":\"SearchAction\",\"target\":{\"@type\":\"EntryPoint\",\"urlTemplate\":\"https:\\\/\\\/public-vision.tv\\\/?s={search_term_string}\"},\"query-input\":{\"@type\":\"PropertyValueSpecification\",\"valueRequired\":true,\"valueName\":\"search_term_string\"}}],\"inLanguage\":\"en-US\"},{\"@type\":\"Organization\",\"@id\":\"https:\\\/\\\/public-vision.tv\\\/#organization\",\"name\":\"public vision - Videoproduktion und Filmproduktion aus D\u00fcsseldorf\",\"url\":\"https:\\\/\\\/public-vision.tv\\\/\",\"logo\":{\"@type\":\"ImageObject\",\"inLanguage\":\"en-US\",\"@id\":\"https:\\\/\\\/public-vision.tv\\\/#\\\/schema\\\/logo\\\/image\\\/\",\"url\":\"https:\\\/\\\/public-vision.tv\\\/wp-content\\\/uploads\\\/2023\\\/03\\\/cropped-cropped-PV_Logo_2048x1152.png\",\"contentUrl\":\"https:\\\/\\\/public-vision.tv\\\/wp-content\\\/uploads\\\/2023\\\/03\\\/cropped-cropped-PV_Logo_2048x1152.png\",\"width\":2047,\"height\":683,\"caption\":\"public vision - Videoproduktion und Filmproduktion aus D\u00fcsseldorf\"},\"image\":{\"@id\":\"https:\\\/\\\/public-vision.tv\\\/#\\\/schema\\\/logo\\\/image\\\/\"},\"sameAs\":[\"https:\\\/\\\/www.facebook.com\\\/publicvision.de\\\/\",\"https:\\\/\\\/www.youtube.com\\\/user\\\/publicvisiontv\",\"https:\\\/\\\/www.instagram.com\\\/public_vision\\\/?hl=de\",\"https:\\\/\\\/www.tiktok.com\\\/@public_vision_gmbh\"]}]}<\/script>\n<!-- \/ Yoast SEO plugin. -->","yoast_head_json":{"title":"ProSieben Galileo TV-Produktion \u2013 Referenz","description":"Videoproduktion f\u00fcr das Wissensmagazin Galileo (ProSieben) \u2013 Reportagen und Dreharbeiten weltweit realisiert von public vision. Langj\u00e4hrige Zusammenarbeit.","robots":{"index":"index","follow":"follow","max-snippet":"max-snippet:-1","max-image-preview":"max-image-preview:large","max-video-preview":"max-video-preview:-1"},"canonical":"https:\/\/public-vision.tv\/en\/galileo\/","og_locale":"en_US","og_type":"article","og_title":"ProSieben Galileo TV-Produktion \u2013 Referenz","og_description":"Videoproduktion f\u00fcr das Wissensmagazin Galileo (ProSieben) \u2013 Reportagen und Dreharbeiten weltweit realisiert von public vision. Langj\u00e4hrige Zusammenarbeit.","og_url":"https:\/\/public-vision.tv\/en\/galileo\/","og_site_name":"public vision - Videoproduktion und Filmproduktion aus D\u00fcsseldorf","article_publisher":"https:\/\/www.facebook.com\/publicvision.de\/","article_modified_time":"2026-01-28T15:20:59+00:00","og_image":[{"width":2048,"height":1152,"url":"https:\/\/public-vision.tv\/wp-content\/uploads\/2024\/04\/Boa_Vista_2.00_17_04_12.Standbild002.jpg","type":"image\/jpeg"}],"twitter_card":"summary_large_image","twitter_misc":{"Est. reading time":"2 minutes"},"schema":{"@context":"https:\/\/schema.org","@graph":[{"@type":"WebPage","@id":"https:\/\/public-vision.tv\/galileo\/","url":"https:\/\/public-vision.tv\/galileo\/","name":"ProSieben Galileo TV-Produktion \u2013 Referenz","isPartOf":{"@id":"https:\/\/public-vision.tv\/#website"},"primaryImageOfPage":{"@id":"https:\/\/public-vision.tv\/galileo\/#primaryimage"},"image":{"@id":"https:\/\/public-vision.tv\/galileo\/#primaryimage"},"thumbnailUrl":"https:\/\/public-vision.tv\/wp-content\/uploads\/2024\/04\/Boa_Vista_2.00_17_04_12.Standbild002-1024x576.jpg","datePublished":"2024-05-23T10:10:04+00:00","dateModified":"2026-01-28T15:20:59+00:00","description":"Videoproduktion f\u00fcr das Wissensmagazin Galileo (ProSieben) \u2013 Reportagen und Dreharbeiten weltweit realisiert von public vision. Langj\u00e4hrige Zusammenarbeit.","breadcrumb":{"@id":"https:\/\/public-vision.tv\/galileo\/#breadcrumb"},"inLanguage":"en-US","potentialAction":[{"@type":"ReadAction","target":["https:\/\/public-vision.tv\/galileo\/"]}]},{"@type":"ImageObject","inLanguage":"en-US","@id":"https:\/\/public-vision.tv\/galileo\/#primaryimage","url":"https:\/\/public-vision.tv\/wp-content\/uploads\/2024\/04\/Boa_Vista_2.00_17_04_12.Standbild002-1024x576.jpg","contentUrl":"https:\/\/public-vision.tv\/wp-content\/uploads\/2024\/04\/Boa_Vista_2.00_17_04_12.Standbild002-1024x576.jpg"},{"@type":"BreadcrumbList","@id":"https:\/\/public-vision.tv\/galileo\/#breadcrumb","itemListElement":[{"@type":"ListItem","position":1,"name":"Startseite","item":"https:\/\/public-vision.tv\/"},{"@type":"ListItem","position":2,"name":"ProSieben Galileo"}]},{"@type":"WebSite","@id":"https:\/\/public-vision.tv\/#website","url":"https:\/\/public-vision.tv\/","name":"public vision - Videoproduktion und Filmproduktion aus D\u00fcsseldorf","description":"public vision GmbH ist eine Film- und Videoproduktionsfirma aus D\u00fcsseldorf mit \u00fcber 20 Jahren Erfahrung. Von TV-Produktionen, Werbungen, Livestreams bis hin zu Social Media-Kampagnen setzen wir Ihre Projekte kreativ und zielgerecht um.","publisher":{"@id":"https:\/\/public-vision.tv\/#organization"},"potentialAction":[{"@type":"SearchAction","target":{"@type":"EntryPoint","urlTemplate":"https:\/\/public-vision.tv\/?s={search_term_string}"},"query-input":{"@type":"PropertyValueSpecification","valueRequired":true,"valueName":"search_term_string"}}],"inLanguage":"en-US"},{"@type":"Organization","@id":"https:\/\/public-vision.tv\/#organization","name":"public vision - Videoproduktion und Filmproduktion aus D\u00fcsseldorf","url":"https:\/\/public-vision.tv\/","logo":{"@type":"ImageObject","inLanguage":"en-US","@id":"https:\/\/public-vision.tv\/#\/schema\/logo\/image\/","url":"https:\/\/public-vision.tv\/wp-content\/uploads\/2023\/03\/cropped-cropped-PV_Logo_2048x1152.png","contentUrl":"https:\/\/public-vision.tv\/wp-content\/uploads\/2023\/03\/cropped-cropped-PV_Logo_2048x1152.png","width":2047,"height":683,"caption":"public vision - Videoproduktion und Filmproduktion aus D\u00fcsseldorf"},"image":{"@id":"https:\/\/public-vision.tv\/#\/schema\/logo\/image\/"},"sameAs":["https:\/\/www.facebook.com\/publicvision.de\/","https:\/\/www.youtube.com\/user\/publicvisiontv","https:\/\/www.instagram.com\/public_vision\/?hl=de","https:\/\/www.tiktok.com\/@public_vision_gmbh"]}]}},"_links":{"self":[{"href":"https:\/\/public-vision.tv\/en\/wp-json\/wp\/v2\/pages\/3410","targetHints":{"allow":["GET"]}}],"collection":[{"href":"https:\/\/public-vision.tv\/en\/wp-json\/wp\/v2\/pages"}],"about":[{"href":"https:\/\/public-vision.tv\/en\/wp-json\/wp\/v2\/types\/page"}],"author":[{"embeddable":true,"href":"https:\/\/public-vision.tv\/en\/wp-json\/wp\/v2\/users\/3"}],"replies":[{"embeddable":true,"href":"https:\/\/public-vision.tv\/en\/wp-json\/wp\/v2\/comments?post=3410"}],"version-history":[{"count":1,"href":"https:\/\/public-vision.tv\/en\/wp-json\/wp\/v2\/pages\/3410\/revisions"}],"predecessor-version":[{"id":4182,"href":"https:\/\/public-vision.tv\/en\/wp-json\/wp\/v2\/pages\/3410\/revisions\/4182"}],"wp:attachment":[{"href":"https:\/\/public-vision.tv\/en\/wp-json\/wp\/v2\/media?parent=3410"}],"curies":[{"name":"wp","href":"https:\/\/api.w.org\/{rel}","templated":true}]}}