{"id":3445,"date":"2024-06-04T13:54:48","date_gmt":"2024-06-04T11:54:48","guid":{"rendered":"https:\/\/public-vision.tv\/?page_id=3445"},"modified":"2026-01-21T13:07:27","modified_gmt":"2026-01-21T12:07:27","slug":"staatskanzlei-nrw","status":"publish","type":"page","link":"https:\/\/public-vision.tv\/en\/staatskanzlei-nrw\/","title":{"rendered":"Staatskanzlei NRW"},"content":{"rendered":"<h1 class=\"wp-block-heading has-text-align-center alignwide has-white-color has-text-color has-background-color has-system-font-font-family has-xx-large-font-size\" style=\"margin-top:var(--wp--preset--spacing--50);margin-right:var(--wp--preset--spacing--50);margin-bottom:var(--wp--preset--spacing--50);margin-left:var(--wp--preset--spacing--50);padding-top:0;padding-right:0;padding-bottom:0;padding-left:0;font-style:normal;font-weight:1000;letter-spacing:0px;line-height:1.5;text-decoration:none;text-transform:uppercase\">STAATSKANZLEI DES LANDES <br>NORDRHEIN-WESTFALEN<\/h1>\n\n\n\n<div class=\"wp-block-essential-blocks-advanced-video alignwide  root-eb-advanced-video-2wmw1o3\"><div class=\"eb-parent-wrapper eb-parent-eb-advanced-video-2wmw1o3\"><div class=\"eb-advanced-video-wrapper eb-advanced-video-2wmw1o3 none\" data-id=\"eb-advanced-video-2wmw1o3\"><div class=\"eb-player-wrapper eb-advanced-video-2wmw1o3\"><div class=\"eb-player-option none right\" data-id=\"eb-advanced-video-2wmw1o3\" data-url=\"  https:\/\/www.land.nrw\/sites\/default\/files\/rthc_hockey_210901_final16x9_mitut-540p_m1.mp4\" data-option=\"none\" data-controls=\"true\" data-loop=\"false\" data-muted=\"true\" data-playing=\"true\" data-overlay=\"true\" data-light=\"https:\/\/public-vision.tv\/wp-content\/uploads\/2023\/08\/land-nrw-video-pv.jpg\" data-customplayicontype=\"image\" data-customplayiconlib=\"fas fa-play-circle\" data-customplayicon=\"false\" data-playicon=\"https:\/\/public-vision.tv\/wp-content\/plugins\/essential-blocks\/assets\/images\/adv-video-playicon.svg\" data-download=\"false\"><\/div><\/div><\/div><\/div><\/div>\n\n\n\n<hr class=\"wp-block-separator has-alpha-channel-opacity\"\/>\n\n\n\n<p class=\"has-background-color has-text-color has-link-color wp-elements-03a1ed6cbc7a7f003e6f66c40710bf65\">public vision produced the videos for Andrea Milz, State Secretary for Sport and Volunteering in North Rhine-Westphalia, as part of the Modern Sports Facilities 2022 programme. The production covered all steps from the initial commission: contacting the clubs, clarifying content and logistical issues, scheduling, filming and post-production under editorial responsibility, right through to approval by the State Chancellery.<\/p>\n\n\n\n<div style=\"height:15px\" aria-hidden=\"true\" class=\"wp-block-spacer\"><\/div>\n\n\n\n<figure class=\"wp-block-image size-full\"><img loading=\"lazy\" decoding=\"async\" width=\"700\" height=\"394\" src=\"https:\/\/public-vision.tv\/wp-content\/uploads\/2024\/06\/moderne_sportstaette_beachvolleyball_220506.00_00_35_13.Still004.jpg\" alt=\"\" class=\"wp-image-3655\" srcset=\"https:\/\/public-vision.tv\/wp-content\/uploads\/2024\/06\/moderne_sportstaette_beachvolleyball_220506.00_00_35_13.Still004.jpg 700w, https:\/\/public-vision.tv\/wp-content\/uploads\/2024\/06\/moderne_sportstaette_beachvolleyball_220506.00_00_35_13.Still004-300x169.jpg 300w, https:\/\/public-vision.tv\/wp-content\/uploads\/2024\/06\/moderne_sportstaette_beachvolleyball_220506.00_00_35_13.Still004-18x10.jpg 18w\" sizes=\"auto, (max-width: 700px) 100vw, 700px\" \/><\/figure>\n\n\n\n<div class=\"wp-block-columns is-layout-flex wp-container-core-columns-is-layout-d0b3c9c8 wp-block-columns-is-layout-flex\">\n<div class=\"wp-block-column is-layout-flow wp-block-column-is-layout-flow\">\n<figure class=\"wp-block-image size-full\"><img loading=\"lazy\" decoding=\"async\" width=\"700\" height=\"700\" src=\"https:\/\/public-vision.tv\/wp-content\/uploads\/2024\/06\/Moderne_Sportstaetten_2022_Boxen_Staatskanzlei_210915_1x1.00_01_55_11.Still002.jpg\" alt=\"\" class=\"wp-image-3652\" srcset=\"https:\/\/public-vision.tv\/wp-content\/uploads\/2024\/06\/Moderne_Sportstaetten_2022_Boxen_Staatskanzlei_210915_1x1.00_01_55_11.Still002.jpg 700w, https:\/\/public-vision.tv\/wp-content\/uploads\/2024\/06\/Moderne_Sportstaetten_2022_Boxen_Staatskanzlei_210915_1x1.00_01_55_11.Still002-300x300.jpg 300w, https:\/\/public-vision.tv\/wp-content\/uploads\/2024\/06\/Moderne_Sportstaetten_2022_Boxen_Staatskanzlei_210915_1x1.00_01_55_11.Still002-150x150.jpg 150w, https:\/\/public-vision.tv\/wp-content\/uploads\/2024\/06\/Moderne_Sportstaetten_2022_Boxen_Staatskanzlei_210915_1x1.00_01_55_11.Still002-12x12.jpg 12w\" sizes=\"auto, (max-width: 700px) 100vw, 700px\" \/><\/figure>\n<\/div>\n\n\n\n<div class=\"wp-block-column is-layout-flow wp-block-column-is-layout-flow\">\n<figure class=\"wp-block-image size-full\"><img loading=\"lazy\" decoding=\"async\" width=\"700\" height=\"700\" src=\"https:\/\/public-vision.tv\/wp-content\/uploads\/2024\/06\/Moderne_Sportstaetten_2022_Boxen_Staatskanzlei_210915_1x1.00_00_53_16.Still001.jpg\" alt=\"\" class=\"wp-image-3653\" srcset=\"https:\/\/public-vision.tv\/wp-content\/uploads\/2024\/06\/Moderne_Sportstaetten_2022_Boxen_Staatskanzlei_210915_1x1.00_00_53_16.Still001.jpg 700w, https:\/\/public-vision.tv\/wp-content\/uploads\/2024\/06\/Moderne_Sportstaetten_2022_Boxen_Staatskanzlei_210915_1x1.00_00_53_16.Still001-300x300.jpg 300w, https:\/\/public-vision.tv\/wp-content\/uploads\/2024\/06\/Moderne_Sportstaetten_2022_Boxen_Staatskanzlei_210915_1x1.00_00_53_16.Still001-150x150.jpg 150w, https:\/\/public-vision.tv\/wp-content\/uploads\/2024\/06\/Moderne_Sportstaetten_2022_Boxen_Staatskanzlei_210915_1x1.00_00_53_16.Still001-12x12.jpg 12w\" sizes=\"auto, (max-width: 700px) 100vw, 700px\" \/><\/figure>\n<\/div>\n<\/div>\n\n\n\n<div style=\"height:5px\" aria-hidden=\"true\" class=\"wp-block-spacer\"><\/div>\n\n\n\n<figure class=\"wp-block-image size-full\"><img loading=\"lazy\" decoding=\"async\" width=\"700\" height=\"394\" src=\"https:\/\/public-vision.tv\/wp-content\/uploads\/2024\/06\/Schnitt_Hockey_210901.00_00_17_11.Still001.jpg\" alt=\"\" class=\"wp-image-3656\" srcset=\"https:\/\/public-vision.tv\/wp-content\/uploads\/2024\/06\/Schnitt_Hockey_210901.00_00_17_11.Still001.jpg 700w, https:\/\/public-vision.tv\/wp-content\/uploads\/2024\/06\/Schnitt_Hockey_210901.00_00_17_11.Still001-300x169.jpg 300w, https:\/\/public-vision.tv\/wp-content\/uploads\/2024\/06\/Schnitt_Hockey_210901.00_00_17_11.Still001-18x10.jpg 18w\" sizes=\"auto, (max-width: 700px) 100vw, 700px\" \/><\/figure>\n\n\n\n<figure class=\"wp-block-image size-full\"><img loading=\"lazy\" decoding=\"async\" width=\"700\" height=\"394\" src=\"https:\/\/public-vision.tv\/wp-content\/uploads\/2024\/06\/moderne_sportstaette_beachvolleyball_220506.00_00_02_19.Still002.jpg\" alt=\"\" class=\"wp-image-3657\" srcset=\"https:\/\/public-vision.tv\/wp-content\/uploads\/2024\/06\/moderne_sportstaette_beachvolleyball_220506.00_00_02_19.Still002.jpg 700w, https:\/\/public-vision.tv\/wp-content\/uploads\/2024\/06\/moderne_sportstaette_beachvolleyball_220506.00_00_02_19.Still002-300x169.jpg 300w, https:\/\/public-vision.tv\/wp-content\/uploads\/2024\/06\/moderne_sportstaette_beachvolleyball_220506.00_00_02_19.Still002-18x10.jpg 18w\" sizes=\"auto, (max-width: 700px) 100vw, 700px\" \/><\/figure>","protected":false},"excerpt":{"rendered":"<p>STAATSKANZLEI DES LANDES NORDRHEIN-WESTFALEN F\u00fcr die Staatsekret\u00e4rin Sport und Ehrenamt des Landes Nordrhein-Westfalen, Andrea Milz, produzierte public vision die Videos im Rahmen des Programms Moderne Sportst\u00e4tte 2022. Die Produktion umfasste alle Schritte ab der Beauftragung: Kontaktaufnahme mit den Vereinen, Kl\u00e4rung inhaltlicher und logistischer Fragen, Terminplanung, Dreharbeiten und Postproduktion in redaktioneller Verantwortung bis zur Abnahme durch [&hellip;]<\/p>\n","protected":false},"author":3,"featured_media":0,"parent":0,"menu_order":0,"comment_status":"closed","ping_status":"closed","template":"page-large-header","meta":{"_eb_attr":"","footnotes":""},"class_list":["post-3445","page","type-page","status-publish","hentry"],"yoast_head":"<!-- This site is optimized with the Yoast SEO plugin v27.5 - https:\/\/yoast.com\/product\/yoast-seo-wordpress\/ -->\n<title>Staatskanzlei NRW - public vision - Videoproduktion und Filmproduktion aus D\u00fcsseldorf<\/title>\n<meta name=\"robots\" content=\"index, follow, max-snippet:-1, max-image-preview:large, max-video-preview:-1\" \/>\n<link rel=\"canonical\" href=\"https:\/\/public-vision.tv\/en\/staatskanzlei-nrw\/\" \/>\n<meta property=\"og:locale\" content=\"en_US\" \/>\n<meta property=\"og:type\" content=\"article\" \/>\n<meta property=\"og:title\" content=\"Staatskanzlei NRW - public vision - Videoproduktion und Filmproduktion aus D\u00fcsseldorf\" \/>\n<meta property=\"og:description\" content=\"STAATSKANZLEI DES LANDES NORDRHEIN-WESTFALEN F\u00fcr die Staatsekret\u00e4rin Sport und Ehrenamt des Landes Nordrhein-Westfalen, Andrea Milz, produzierte public vision die Videos im Rahmen des Programms Moderne Sportst\u00e4tte 2022. Die Produktion umfasste alle Schritte ab der Beauftragung: Kontaktaufnahme mit den Vereinen, Kl\u00e4rung inhaltlicher und logistischer Fragen, Terminplanung, Dreharbeiten und Postproduktion in redaktioneller Verantwortung bis zur Abnahme durch [&hellip;]\" \/>\n<meta property=\"og:url\" content=\"https:\/\/public-vision.tv\/en\/staatskanzlei-nrw\/\" \/>\n<meta property=\"og:site_name\" content=\"public vision - Videoproduktion und Filmproduktion aus D\u00fcsseldorf\" \/>\n<meta property=\"article:publisher\" content=\"https:\/\/www.facebook.com\/publicvision.de\/\" \/>\n<meta property=\"article:modified_time\" content=\"2026-01-21T12:07:27+00:00\" \/>\n<meta property=\"og:image\" content=\"https:\/\/public-vision.tv\/wp-content\/uploads\/2024\/06\/moderne_sportstaette_beachvolleyball_220506.00_00_35_13.Still004.jpg\" \/>\n\t<meta property=\"og:image:width\" content=\"700\" \/>\n\t<meta property=\"og:image:height\" content=\"394\" \/>\n\t<meta property=\"og:image:type\" content=\"image\/jpeg\" \/>\n<meta name=\"twitter:card\" content=\"summary_large_image\" \/>\n<meta name=\"twitter:label1\" content=\"Est. reading time\" \/>\n\t<meta name=\"twitter:data1\" content=\"2 minutes\" \/>\n<script type=\"application\/ld+json\" class=\"yoast-schema-graph\">{\"@context\":\"https:\\\/\\\/schema.org\",\"@graph\":[{\"@type\":\"WebPage\",\"@id\":\"https:\\\/\\\/public-vision.tv\\\/staatskanzlei-nrw\\\/\",\"url\":\"https:\\\/\\\/public-vision.tv\\\/staatskanzlei-nrw\\\/\",\"name\":\"Staatskanzlei NRW - public vision - Videoproduktion und Filmproduktion aus D\u00fcsseldorf\",\"isPartOf\":{\"@id\":\"https:\\\/\\\/public-vision.tv\\\/#website\"},\"primaryImageOfPage\":{\"@id\":\"https:\\\/\\\/public-vision.tv\\\/staatskanzlei-nrw\\\/#primaryimage\"},\"image\":{\"@id\":\"https:\\\/\\\/public-vision.tv\\\/staatskanzlei-nrw\\\/#primaryimage\"},\"thumbnailUrl\":\"https:\\\/\\\/public-vision.tv\\\/wp-content\\\/uploads\\\/2024\\\/06\\\/moderne_sportstaette_beachvolleyball_220506.00_00_35_13.Still004.jpg\",\"datePublished\":\"2024-06-04T11:54:48+00:00\",\"dateModified\":\"2026-01-21T12:07:27+00:00\",\"breadcrumb\":{\"@id\":\"https:\\\/\\\/public-vision.tv\\\/staatskanzlei-nrw\\\/#breadcrumb\"},\"inLanguage\":\"en-US\",\"potentialAction\":[{\"@type\":\"ReadAction\",\"target\":[\"https:\\\/\\\/public-vision.tv\\\/staatskanzlei-nrw\\\/\"]}]},{\"@type\":\"ImageObject\",\"inLanguage\":\"en-US\",\"@id\":\"https:\\\/\\\/public-vision.tv\\\/staatskanzlei-nrw\\\/#primaryimage\",\"url\":\"https:\\\/\\\/public-vision.tv\\\/wp-content\\\/uploads\\\/2024\\\/06\\\/moderne_sportstaette_beachvolleyball_220506.00_00_35_13.Still004.jpg\",\"contentUrl\":\"https:\\\/\\\/public-vision.tv\\\/wp-content\\\/uploads\\\/2024\\\/06\\\/moderne_sportstaette_beachvolleyball_220506.00_00_35_13.Still004.jpg\"},{\"@type\":\"BreadcrumbList\",\"@id\":\"https:\\\/\\\/public-vision.tv\\\/staatskanzlei-nrw\\\/#breadcrumb\",\"itemListElement\":[{\"@type\":\"ListItem\",\"position\":1,\"name\":\"Startseite\",\"item\":\"https:\\\/\\\/public-vision.tv\\\/\"},{\"@type\":\"ListItem\",\"position\":2,\"name\":\"Staatskanzlei NRW\"}]},{\"@type\":\"WebSite\",\"@id\":\"https:\\\/\\\/public-vision.tv\\\/#website\",\"url\":\"https:\\\/\\\/public-vision.tv\\\/\",\"name\":\"public vision - Videoproduktion und Filmproduktion aus D\u00fcsseldorf\",\"description\":\"public vision GmbH ist eine Film- und Videoproduktionsfirma aus D\u00fcsseldorf mit \u00fcber 20 Jahren Erfahrung. Von TV-Produktionen, Werbungen, Livestreams bis hin zu Social Media-Kampagnen setzen wir Ihre Projekte kreativ und zielgerecht um.\",\"publisher\":{\"@id\":\"https:\\\/\\\/public-vision.tv\\\/#organization\"},\"potentialAction\":[{\"@type\":\"SearchAction\",\"target\":{\"@type\":\"EntryPoint\",\"urlTemplate\":\"https:\\\/\\\/public-vision.tv\\\/?s={search_term_string}\"},\"query-input\":{\"@type\":\"PropertyValueSpecification\",\"valueRequired\":true,\"valueName\":\"search_term_string\"}}],\"inLanguage\":\"en-US\"},{\"@type\":\"Organization\",\"@id\":\"https:\\\/\\\/public-vision.tv\\\/#organization\",\"name\":\"public vision - Videoproduktion und Filmproduktion aus D\u00fcsseldorf\",\"url\":\"https:\\\/\\\/public-vision.tv\\\/\",\"logo\":{\"@type\":\"ImageObject\",\"inLanguage\":\"en-US\",\"@id\":\"https:\\\/\\\/public-vision.tv\\\/#\\\/schema\\\/logo\\\/image\\\/\",\"url\":\"https:\\\/\\\/public-vision.tv\\\/wp-content\\\/uploads\\\/2023\\\/03\\\/cropped-cropped-PV_Logo_2048x1152.png\",\"contentUrl\":\"https:\\\/\\\/public-vision.tv\\\/wp-content\\\/uploads\\\/2023\\\/03\\\/cropped-cropped-PV_Logo_2048x1152.png\",\"width\":2047,\"height\":683,\"caption\":\"public vision - Videoproduktion und Filmproduktion aus D\u00fcsseldorf\"},\"image\":{\"@id\":\"https:\\\/\\\/public-vision.tv\\\/#\\\/schema\\\/logo\\\/image\\\/\"},\"sameAs\":[\"https:\\\/\\\/www.facebook.com\\\/publicvision.de\\\/\",\"https:\\\/\\\/www.youtube.com\\\/user\\\/publicvisiontv\",\"https:\\\/\\\/www.instagram.com\\\/public_vision\\\/?hl=de\",\"https:\\\/\\\/www.tiktok.com\\\/@public_vision_gmbh\"]}]}<\/script>\n<!-- \/ Yoast SEO plugin. -->","yoast_head_json":{"title":"Staatskanzlei NRW - public vision - Videoproduktion und Filmproduktion aus D\u00fcsseldorf","robots":{"index":"index","follow":"follow","max-snippet":"max-snippet:-1","max-image-preview":"max-image-preview:large","max-video-preview":"max-video-preview:-1"},"canonical":"https:\/\/public-vision.tv\/en\/staatskanzlei-nrw\/","og_locale":"en_US","og_type":"article","og_title":"Staatskanzlei NRW - public vision - Videoproduktion und Filmproduktion aus D\u00fcsseldorf","og_description":"STAATSKANZLEI DES LANDES NORDRHEIN-WESTFALEN F\u00fcr die Staatsekret\u00e4rin Sport und Ehrenamt des Landes Nordrhein-Westfalen, Andrea Milz, produzierte public vision die Videos im Rahmen des Programms Moderne Sportst\u00e4tte 2022. Die Produktion umfasste alle Schritte ab der Beauftragung: Kontaktaufnahme mit den Vereinen, Kl\u00e4rung inhaltlicher und logistischer Fragen, Terminplanung, Dreharbeiten und Postproduktion in redaktioneller Verantwortung bis zur Abnahme durch [&hellip;]","og_url":"https:\/\/public-vision.tv\/en\/staatskanzlei-nrw\/","og_site_name":"public vision - Videoproduktion und Filmproduktion aus D\u00fcsseldorf","article_publisher":"https:\/\/www.facebook.com\/publicvision.de\/","article_modified_time":"2026-01-21T12:07:27+00:00","og_image":[{"width":700,"height":394,"url":"https:\/\/public-vision.tv\/wp-content\/uploads\/2024\/06\/moderne_sportstaette_beachvolleyball_220506.00_00_35_13.Still004.jpg","type":"image\/jpeg"}],"twitter_card":"summary_large_image","twitter_misc":{"Est. reading time":"2 minutes"},"schema":{"@context":"https:\/\/schema.org","@graph":[{"@type":"WebPage","@id":"https:\/\/public-vision.tv\/staatskanzlei-nrw\/","url":"https:\/\/public-vision.tv\/staatskanzlei-nrw\/","name":"Staatskanzlei NRW - public vision - Videoproduktion und Filmproduktion aus D\u00fcsseldorf","isPartOf":{"@id":"https:\/\/public-vision.tv\/#website"},"primaryImageOfPage":{"@id":"https:\/\/public-vision.tv\/staatskanzlei-nrw\/#primaryimage"},"image":{"@id":"https:\/\/public-vision.tv\/staatskanzlei-nrw\/#primaryimage"},"thumbnailUrl":"https:\/\/public-vision.tv\/wp-content\/uploads\/2024\/06\/moderne_sportstaette_beachvolleyball_220506.00_00_35_13.Still004.jpg","datePublished":"2024-06-04T11:54:48+00:00","dateModified":"2026-01-21T12:07:27+00:00","breadcrumb":{"@id":"https:\/\/public-vision.tv\/staatskanzlei-nrw\/#breadcrumb"},"inLanguage":"en-US","potentialAction":[{"@type":"ReadAction","target":["https:\/\/public-vision.tv\/staatskanzlei-nrw\/"]}]},{"@type":"ImageObject","inLanguage":"en-US","@id":"https:\/\/public-vision.tv\/staatskanzlei-nrw\/#primaryimage","url":"https:\/\/public-vision.tv\/wp-content\/uploads\/2024\/06\/moderne_sportstaette_beachvolleyball_220506.00_00_35_13.Still004.jpg","contentUrl":"https:\/\/public-vision.tv\/wp-content\/uploads\/2024\/06\/moderne_sportstaette_beachvolleyball_220506.00_00_35_13.Still004.jpg"},{"@type":"BreadcrumbList","@id":"https:\/\/public-vision.tv\/staatskanzlei-nrw\/#breadcrumb","itemListElement":[{"@type":"ListItem","position":1,"name":"Startseite","item":"https:\/\/public-vision.tv\/"},{"@type":"ListItem","position":2,"name":"Staatskanzlei NRW"}]},{"@type":"WebSite","@id":"https:\/\/public-vision.tv\/#website","url":"https:\/\/public-vision.tv\/","name":"public vision - Videoproduktion und Filmproduktion aus D\u00fcsseldorf","description":"public vision GmbH ist eine Film- und Videoproduktionsfirma aus D\u00fcsseldorf mit \u00fcber 20 Jahren Erfahrung. Von TV-Produktionen, Werbungen, Livestreams bis hin zu Social Media-Kampagnen setzen wir Ihre Projekte kreativ und zielgerecht um.","publisher":{"@id":"https:\/\/public-vision.tv\/#organization"},"potentialAction":[{"@type":"SearchAction","target":{"@type":"EntryPoint","urlTemplate":"https:\/\/public-vision.tv\/?s={search_term_string}"},"query-input":{"@type":"PropertyValueSpecification","valueRequired":true,"valueName":"search_term_string"}}],"inLanguage":"en-US"},{"@type":"Organization","@id":"https:\/\/public-vision.tv\/#organization","name":"public vision - Videoproduktion und Filmproduktion aus D\u00fcsseldorf","url":"https:\/\/public-vision.tv\/","logo":{"@type":"ImageObject","inLanguage":"en-US","@id":"https:\/\/public-vision.tv\/#\/schema\/logo\/image\/","url":"https:\/\/public-vision.tv\/wp-content\/uploads\/2023\/03\/cropped-cropped-PV_Logo_2048x1152.png","contentUrl":"https:\/\/public-vision.tv\/wp-content\/uploads\/2023\/03\/cropped-cropped-PV_Logo_2048x1152.png","width":2047,"height":683,"caption":"public vision - Videoproduktion und Filmproduktion aus D\u00fcsseldorf"},"image":{"@id":"https:\/\/public-vision.tv\/#\/schema\/logo\/image\/"},"sameAs":["https:\/\/www.facebook.com\/publicvision.de\/","https:\/\/www.youtube.com\/user\/publicvisiontv","https:\/\/www.instagram.com\/public_vision\/?hl=de","https:\/\/www.tiktok.com\/@public_vision_gmbh"]}]}},"_links":{"self":[{"href":"https:\/\/public-vision.tv\/en\/wp-json\/wp\/v2\/pages\/3445","targetHints":{"allow":["GET"]}}],"collection":[{"href":"https:\/\/public-vision.tv\/en\/wp-json\/wp\/v2\/pages"}],"about":[{"href":"https:\/\/public-vision.tv\/en\/wp-json\/wp\/v2\/types\/page"}],"author":[{"embeddable":true,"href":"https:\/\/public-vision.tv\/en\/wp-json\/wp\/v2\/users\/3"}],"replies":[{"embeddable":true,"href":"https:\/\/public-vision.tv\/en\/wp-json\/wp\/v2\/comments?post=3445"}],"version-history":[{"count":0,"href":"https:\/\/public-vision.tv\/en\/wp-json\/wp\/v2\/pages\/3445\/revisions"}],"wp:attachment":[{"href":"https:\/\/public-vision.tv\/en\/wp-json\/wp\/v2\/media?parent=3445"}],"curies":[{"name":"wp","href":"https:\/\/api.w.org\/{rel}","templated":true}]}}