{"id":3448,"date":"2024-05-23T14:33:54","date_gmt":"2024-05-23T12:33:54","guid":{"rendered":"https:\/\/public-vision.tv\/?page_id=3448"},"modified":"2026-01-28T15:25:04","modified_gmt":"2026-01-28T14:25:04","slug":"hermann-josef-kuhna","status":"publish","type":"page","link":"https:\/\/public-vision.tv\/en\/hermann-josef-kuhna\/","title":{"rendered":"Hermann-Josef Kuhna"},"content":{"rendered":"<h1 class=\"wp-block-heading has-text-align-center alignwide has-white-color has-text-color has-background-color has-system-font-font-family has-xx-large-font-size\" style=\"margin-top:var(--wp--preset--spacing--50);margin-right:var(--wp--preset--spacing--50);margin-bottom:var(--wp--preset--spacing--50);margin-left:var(--wp--preset--spacing--50);padding-top:0;padding-right:0;padding-bottom:0;padding-left:0;font-style:normal;font-weight:1000;letter-spacing:0px;line-height:1.5;text-transform:uppercase\">HERMANN-JOSEF KUHNA<br>DOKUMENTATION<\/h1>\n\n\n\n<div class=\"wp-block-essential-blocks-advanced-video alignwide  root-eb-advanced-video-2wmw1o3\"><div class=\"eb-parent-wrapper eb-parent-eb-advanced-video-2wmw1o3\"><div class=\"eb-advanced-video-wrapper eb-advanced-video-2wmw1o3 none\" data-id=\"eb-advanced-video-2wmw1o3\"><div class=\"eb-player-wrapper eb-advanced-video-2wmw1o3\"><div class=\"eb-player-option none right\" data-id=\"eb-advanced-video-2wmw1o3\" data-url=\"https:\/\/youtu.be\/YyX7JWiFlSU\" data-option=\"none\" data-controls=\"true\" data-loop=\"false\" data-muted=\"true\" data-playing=\"true\" data-overlay=\"true\" data-light=\"https:\/\/public-vision.tv\/wp-content\/uploads\/2023\/04\/vorschaubild_kuhna_public-vision.png\" data-customplayicontype=\"image\" data-customplayiconlib=\"fas fa-play-circle\" data-customplayicon=\"false\" data-playicon=\"https:\/\/public-vision.tv\/wp-content\/plugins\/essential-blocks\/assets\/images\/adv-video-playicon.svg\" data-download=\"false\"><\/div><\/div><\/div><\/div><\/div>\n\n\n\n<hr class=\"wp-block-separator has-alpha-channel-opacity\"\/>\n\n\n\n<h2 class=\"wp-block-heading has-text-align-left has-large-font-size\" style=\"text-transform:uppercase\"><strong>Dokumentation \u00fcber die Arbeit an einer Ausstellung des K\u00fcnstlers Hermann-Josef Kuhna<\/strong><\/h2>\n\n\n\n<figure class=\"wp-block-image size-large\"><img loading=\"lazy\" decoding=\"async\" width=\"1024\" height=\"576\" src=\"https:\/\/public-vision.tv\/wp-content\/uploads\/2024\/05\/Bildschirm\u00adfoto-2024-05-08-um-14.40.52-1024x576.jpg\" alt=\"\" class=\"wp-image-3475\" srcset=\"https:\/\/public-vision.tv\/wp-content\/uploads\/2024\/05\/Bildschirm\u00adfoto-2024-05-08-um-14.40.52-1024x576.jpg 1024w, https:\/\/public-vision.tv\/wp-content\/uploads\/2024\/05\/Bildschirm\u00adfoto-2024-05-08-um-14.40.52-300x169.jpg 300w, https:\/\/public-vision.tv\/wp-content\/uploads\/2024\/05\/Bildschirm\u00adfoto-2024-05-08-um-14.40.52-768x432.jpg 768w, https:\/\/public-vision.tv\/wp-content\/uploads\/2024\/05\/Bildschirm\u00adfoto-2024-05-08-um-14.40.52-1536x864.jpg 1536w, https:\/\/public-vision.tv\/wp-content\/uploads\/2024\/05\/Bildschirm\u00adfoto-2024-05-08-um-14.40.52-18x10.jpg 18w, https:\/\/public-vision.tv\/wp-content\/uploads\/2024\/05\/Bildschirm\u00adfoto-2024-05-08-um-14.40.52.jpg 2048w\" sizes=\"auto, (max-width: 1024px) 100vw, 1024px\" \/><\/figure>\n\n\n\n<p class=\"has-background-color has-text-color has-link-color wp-elements-9979e74147a35a1234e596a44ea5563d\">Away from our daily television work and commissioned projects, we also indulge in our own projects. These allow us to give free rein to our creativity and ideas, and also give our employees the opportunity to try out new ways of working. One such project was supporting the work of the late D\u00fcsseldorf painter and professor at the M\u00fcnster Art Academy, Hermann-Josef Kuhna, on an exhibition of his works at the Cerny und Partner gallery entitled \u2018Nuda Veritas\u2019.<\/p>\n\n\n\n<div style=\"height:5px\" aria-hidden=\"true\" class=\"wp-block-spacer\"><\/div>\n\n\n\n<figure class=\"wp-block-image size-large\"><img loading=\"lazy\" decoding=\"async\" width=\"1024\" height=\"577\" src=\"https:\/\/public-vision.tv\/wp-content\/uploads\/2024\/05\/Bildschirm\u00adfoto-2024-05-08-um-14.41.17-1024x577.jpg\" alt=\"\" class=\"wp-image-3473\" srcset=\"https:\/\/public-vision.tv\/wp-content\/uploads\/2024\/05\/Bildschirm\u00adfoto-2024-05-08-um-14.41.17-1024x577.jpg 1024w, https:\/\/public-vision.tv\/wp-content\/uploads\/2024\/05\/Bildschirm\u00adfoto-2024-05-08-um-14.41.17-300x169.jpg 300w, https:\/\/public-vision.tv\/wp-content\/uploads\/2024\/05\/Bildschirm\u00adfoto-2024-05-08-um-14.41.17-768x432.jpg 768w, https:\/\/public-vision.tv\/wp-content\/uploads\/2024\/05\/Bildschirm\u00adfoto-2024-05-08-um-14.41.17-1536x865.jpg 1536w, https:\/\/public-vision.tv\/wp-content\/uploads\/2024\/05\/Bildschirm\u00adfoto-2024-05-08-um-14.41.17-18x10.jpg 18w, https:\/\/public-vision.tv\/wp-content\/uploads\/2024\/05\/Bildschirm\u00adfoto-2024-05-08-um-14.41.17.jpg 2048w\" sizes=\"auto, (max-width: 1024px) 100vw, 1024px\" \/><\/figure>\n\n\n\n<div class=\"wp-block-columns is-layout-flex wp-container-core-columns-is-layout-d0b3c9c8 wp-block-columns-is-layout-flex\">\n<div class=\"wp-block-column is-layout-flow wp-block-column-is-layout-flow\">\n<figure class=\"wp-block-image size-large\"><img loading=\"lazy\" decoding=\"async\" width=\"1024\" height=\"539\" src=\"https:\/\/public-vision.tv\/wp-content\/uploads\/2024\/05\/Bildschirm\u00adfoto-2024-05-08-um-14.41.46-2-1024x539.jpg\" alt=\"\" class=\"wp-image-3474\" srcset=\"https:\/\/public-vision.tv\/wp-content\/uploads\/2024\/05\/Bildschirm\u00adfoto-2024-05-08-um-14.41.46-2-1024x539.jpg 1024w, https:\/\/public-vision.tv\/wp-content\/uploads\/2024\/05\/Bildschirm\u00adfoto-2024-05-08-um-14.41.46-2-300x158.jpg 300w, https:\/\/public-vision.tv\/wp-content\/uploads\/2024\/05\/Bildschirm\u00adfoto-2024-05-08-um-14.41.46-2-768x404.jpg 768w, https:\/\/public-vision.tv\/wp-content\/uploads\/2024\/05\/Bildschirm\u00adfoto-2024-05-08-um-14.41.46-2-1536x809.jpg 1536w, https:\/\/public-vision.tv\/wp-content\/uploads\/2024\/05\/Bildschirm\u00adfoto-2024-05-08-um-14.41.46-2-18x9.jpg 18w, https:\/\/public-vision.tv\/wp-content\/uploads\/2024\/05\/Bildschirm\u00adfoto-2024-05-08-um-14.41.46-2.jpg 2048w\" sizes=\"auto, (max-width: 1024px) 100vw, 1024px\" \/><\/figure>\n<\/div>\n\n\n\n<div class=\"wp-block-column is-layout-flow wp-block-column-is-layout-flow\">\n<figure class=\"wp-block-image size-large\"><img loading=\"lazy\" decoding=\"async\" width=\"1024\" height=\"578\" src=\"https:\/\/public-vision.tv\/wp-content\/uploads\/2024\/05\/Bildschirm\u00adfoto-2024-05-08-um-14.42.07-1024x578.jpg\" alt=\"\" class=\"wp-image-3472\" srcset=\"https:\/\/public-vision.tv\/wp-content\/uploads\/2024\/05\/Bildschirm\u00adfoto-2024-05-08-um-14.42.07-1024x578.jpg 1024w, https:\/\/public-vision.tv\/wp-content\/uploads\/2024\/05\/Bildschirm\u00adfoto-2024-05-08-um-14.42.07-300x169.jpg 300w, https:\/\/public-vision.tv\/wp-content\/uploads\/2024\/05\/Bildschirm\u00adfoto-2024-05-08-um-14.42.07-768x434.jpg 768w, https:\/\/public-vision.tv\/wp-content\/uploads\/2024\/05\/Bildschirm\u00adfoto-2024-05-08-um-14.42.07-1536x867.jpg 1536w, https:\/\/public-vision.tv\/wp-content\/uploads\/2024\/05\/Bildschirm\u00adfoto-2024-05-08-um-14.42.07-18x10.jpg 18w, https:\/\/public-vision.tv\/wp-content\/uploads\/2024\/05\/Bildschirm\u00adfoto-2024-05-08-um-14.42.07.jpg 2048w\" sizes=\"auto, (max-width: 1024px) 100vw, 1024px\" \/><\/figure>\n<\/div>\n<\/div>","protected":false},"excerpt":{"rendered":"<p>HERMANN-JOSEF KUHNADOKUMENTATION Dokumentation \u00fcber die Arbeit an einer Ausstellung des K\u00fcnstlers Hermann-Josef Kuhna Abseits des Fernsehalltags und der Auftragsarbeiten g\u00f6nnen wir uns auch eigene Projekte. In denen wir der Kreativit\u00e4t und den eigenen Vorstellungen freien Lauf lassen und auch Mitarbeitern Gelegenheit geben k\u00f6nnen ihre Arbeitsweisen auszuprobieren. Eines dieser Projekte war die Begleitung der Arbeit des [&hellip;]<\/p>\n","protected":false},"author":3,"featured_media":0,"parent":0,"menu_order":0,"comment_status":"closed","ping_status":"closed","template":"page-large-header","meta":{"_eb_attr":"","footnotes":""},"class_list":["post-3448","page","type-page","status-publish","hentry"],"yoast_head":"<!-- This site is optimized with the Yoast SEO plugin v27.4 - https:\/\/yoast.com\/product\/yoast-seo-wordpress\/ -->\n<title>Hermann-Josef Kuhna Dokumentation \u2013 Videoproduktion Referenz<\/title>\n<meta name=\"description\" content=\"Dokumentarische Videoproduktion zur Ausstellung des Malers Hermann-Josef Kuhna (\u201eNuda Veritas\u201c) in der Galerie Cerny &amp; Partner \u2013 filmische Begleitung von public vision.\" \/>\n<meta name=\"robots\" content=\"index, follow, max-snippet:-1, max-image-preview:large, max-video-preview:-1\" \/>\n<link rel=\"canonical\" href=\"https:\/\/public-vision.tv\/en\/hermann-josef-kuhna\/\" \/>\n<meta property=\"og:locale\" content=\"en_US\" \/>\n<meta property=\"og:type\" content=\"article\" \/>\n<meta property=\"og:title\" content=\"Hermann-Josef Kuhna Dokumentation \u2013 Videoproduktion Referenz\" \/>\n<meta property=\"og:description\" content=\"Dokumentarische Videoproduktion zur Ausstellung des Malers Hermann-Josef Kuhna (\u201eNuda Veritas\u201c) in der Galerie Cerny &amp; Partner \u2013 filmische Begleitung von public vision.\" \/>\n<meta property=\"og:url\" content=\"https:\/\/public-vision.tv\/en\/hermann-josef-kuhna\/\" \/>\n<meta property=\"og:site_name\" content=\"public vision - Videoproduktion und Filmproduktion aus D\u00fcsseldorf\" \/>\n<meta property=\"article:publisher\" content=\"https:\/\/www.facebook.com\/publicvision.de\/\" \/>\n<meta property=\"article:modified_time\" content=\"2026-01-28T14:25:04+00:00\" \/>\n<meta name=\"twitter:card\" content=\"summary_large_image\" \/>\n<meta name=\"twitter:label1\" content=\"Est. reading time\" \/>\n\t<meta name=\"twitter:data1\" content=\"2 minutes\" \/>\n<script type=\"application\/ld+json\" class=\"yoast-schema-graph\">{\"@context\":\"https:\\\/\\\/schema.org\",\"@graph\":[{\"@type\":\"WebPage\",\"@id\":\"https:\\\/\\\/public-vision.tv\\\/hermann-josef-kuhna\\\/\",\"url\":\"https:\\\/\\\/public-vision.tv\\\/hermann-josef-kuhna\\\/\",\"name\":\"Hermann-Josef Kuhna Dokumentation \u2013 Videoproduktion Referenz\",\"isPartOf\":{\"@id\":\"https:\\\/\\\/public-vision.tv\\\/#website\"},\"datePublished\":\"2024-05-23T12:33:54+00:00\",\"dateModified\":\"2026-01-28T14:25:04+00:00\",\"description\":\"Dokumentarische Videoproduktion zur Ausstellung des Malers Hermann-Josef Kuhna (\u201eNuda Veritas\u201c) in der Galerie Cerny & Partner \u2013 filmische Begleitung von public vision.\",\"breadcrumb\":{\"@id\":\"https:\\\/\\\/public-vision.tv\\\/hermann-josef-kuhna\\\/#breadcrumb\"},\"inLanguage\":\"en-US\",\"potentialAction\":[{\"@type\":\"ReadAction\",\"target\":[\"https:\\\/\\\/public-vision.tv\\\/hermann-josef-kuhna\\\/\"]}]},{\"@type\":\"BreadcrumbList\",\"@id\":\"https:\\\/\\\/public-vision.tv\\\/hermann-josef-kuhna\\\/#breadcrumb\",\"itemListElement\":[{\"@type\":\"ListItem\",\"position\":1,\"name\":\"Startseite\",\"item\":\"https:\\\/\\\/public-vision.tv\\\/\"},{\"@type\":\"ListItem\",\"position\":2,\"name\":\"Hermann-Josef Kuhna\"}]},{\"@type\":\"WebSite\",\"@id\":\"https:\\\/\\\/public-vision.tv\\\/#website\",\"url\":\"https:\\\/\\\/public-vision.tv\\\/\",\"name\":\"public vision - Videoproduktion und Filmproduktion aus D\u00fcsseldorf\",\"description\":\"public vision GmbH ist eine Film- und Videoproduktionsfirma aus D\u00fcsseldorf mit \u00fcber 20 Jahren Erfahrung. Von TV-Produktionen, Werbungen, Livestreams bis hin zu Social Media-Kampagnen setzen wir Ihre Projekte kreativ und zielgerecht um.\",\"publisher\":{\"@id\":\"https:\\\/\\\/public-vision.tv\\\/#organization\"},\"potentialAction\":[{\"@type\":\"SearchAction\",\"target\":{\"@type\":\"EntryPoint\",\"urlTemplate\":\"https:\\\/\\\/public-vision.tv\\\/?s={search_term_string}\"},\"query-input\":{\"@type\":\"PropertyValueSpecification\",\"valueRequired\":true,\"valueName\":\"search_term_string\"}}],\"inLanguage\":\"en-US\"},{\"@type\":\"Organization\",\"@id\":\"https:\\\/\\\/public-vision.tv\\\/#organization\",\"name\":\"public vision - Videoproduktion und Filmproduktion aus D\u00fcsseldorf\",\"url\":\"https:\\\/\\\/public-vision.tv\\\/\",\"logo\":{\"@type\":\"ImageObject\",\"inLanguage\":\"en-US\",\"@id\":\"https:\\\/\\\/public-vision.tv\\\/#\\\/schema\\\/logo\\\/image\\\/\",\"url\":\"https:\\\/\\\/public-vision.tv\\\/wp-content\\\/uploads\\\/2023\\\/03\\\/cropped-cropped-PV_Logo_2048x1152.png\",\"contentUrl\":\"https:\\\/\\\/public-vision.tv\\\/wp-content\\\/uploads\\\/2023\\\/03\\\/cropped-cropped-PV_Logo_2048x1152.png\",\"width\":2047,\"height\":683,\"caption\":\"public vision - Videoproduktion und Filmproduktion aus D\u00fcsseldorf\"},\"image\":{\"@id\":\"https:\\\/\\\/public-vision.tv\\\/#\\\/schema\\\/logo\\\/image\\\/\"},\"sameAs\":[\"https:\\\/\\\/www.facebook.com\\\/publicvision.de\\\/\",\"https:\\\/\\\/www.youtube.com\\\/user\\\/publicvisiontv\",\"https:\\\/\\\/www.instagram.com\\\/public_vision\\\/?hl=de\",\"https:\\\/\\\/www.tiktok.com\\\/@public_vision_gmbh\"]}]}<\/script>\n<!-- \/ Yoast SEO plugin. -->","yoast_head_json":{"title":"Hermann-Josef Kuhna Dokumentation \u2013 Videoproduktion Referenz","description":"Dokumentarische Videoproduktion zur Ausstellung des Malers Hermann-Josef Kuhna (\u201eNuda Veritas\u201c) in der Galerie Cerny & Partner \u2013 filmische Begleitung von public vision.","robots":{"index":"index","follow":"follow","max-snippet":"max-snippet:-1","max-image-preview":"max-image-preview:large","max-video-preview":"max-video-preview:-1"},"canonical":"https:\/\/public-vision.tv\/en\/hermann-josef-kuhna\/","og_locale":"en_US","og_type":"article","og_title":"Hermann-Josef Kuhna Dokumentation \u2013 Videoproduktion Referenz","og_description":"Dokumentarische Videoproduktion zur Ausstellung des Malers Hermann-Josef Kuhna (\u201eNuda Veritas\u201c) in der Galerie Cerny & Partner \u2013 filmische Begleitung von public vision.","og_url":"https:\/\/public-vision.tv\/en\/hermann-josef-kuhna\/","og_site_name":"public vision - Videoproduktion und Filmproduktion aus D\u00fcsseldorf","article_publisher":"https:\/\/www.facebook.com\/publicvision.de\/","article_modified_time":"2026-01-28T14:25:04+00:00","twitter_card":"summary_large_image","twitter_misc":{"Est. reading time":"2 minutes"},"schema":{"@context":"https:\/\/schema.org","@graph":[{"@type":"WebPage","@id":"https:\/\/public-vision.tv\/hermann-josef-kuhna\/","url":"https:\/\/public-vision.tv\/hermann-josef-kuhna\/","name":"Hermann-Josef Kuhna Dokumentation \u2013 Videoproduktion Referenz","isPartOf":{"@id":"https:\/\/public-vision.tv\/#website"},"datePublished":"2024-05-23T12:33:54+00:00","dateModified":"2026-01-28T14:25:04+00:00","description":"Dokumentarische Videoproduktion zur Ausstellung des Malers Hermann-Josef Kuhna (\u201eNuda Veritas\u201c) in der Galerie Cerny & Partner \u2013 filmische Begleitung von public vision.","breadcrumb":{"@id":"https:\/\/public-vision.tv\/hermann-josef-kuhna\/#breadcrumb"},"inLanguage":"en-US","potentialAction":[{"@type":"ReadAction","target":["https:\/\/public-vision.tv\/hermann-josef-kuhna\/"]}]},{"@type":"BreadcrumbList","@id":"https:\/\/public-vision.tv\/hermann-josef-kuhna\/#breadcrumb","itemListElement":[{"@type":"ListItem","position":1,"name":"Startseite","item":"https:\/\/public-vision.tv\/"},{"@type":"ListItem","position":2,"name":"Hermann-Josef Kuhna"}]},{"@type":"WebSite","@id":"https:\/\/public-vision.tv\/#website","url":"https:\/\/public-vision.tv\/","name":"public vision - Videoproduktion und Filmproduktion aus D\u00fcsseldorf","description":"public vision GmbH ist eine Film- und Videoproduktionsfirma aus D\u00fcsseldorf mit \u00fcber 20 Jahren Erfahrung. Von TV-Produktionen, Werbungen, Livestreams bis hin zu Social Media-Kampagnen setzen wir Ihre Projekte kreativ und zielgerecht um.","publisher":{"@id":"https:\/\/public-vision.tv\/#organization"},"potentialAction":[{"@type":"SearchAction","target":{"@type":"EntryPoint","urlTemplate":"https:\/\/public-vision.tv\/?s={search_term_string}"},"query-input":{"@type":"PropertyValueSpecification","valueRequired":true,"valueName":"search_term_string"}}],"inLanguage":"en-US"},{"@type":"Organization","@id":"https:\/\/public-vision.tv\/#organization","name":"public vision - Videoproduktion und Filmproduktion aus D\u00fcsseldorf","url":"https:\/\/public-vision.tv\/","logo":{"@type":"ImageObject","inLanguage":"en-US","@id":"https:\/\/public-vision.tv\/#\/schema\/logo\/image\/","url":"https:\/\/public-vision.tv\/wp-content\/uploads\/2023\/03\/cropped-cropped-PV_Logo_2048x1152.png","contentUrl":"https:\/\/public-vision.tv\/wp-content\/uploads\/2023\/03\/cropped-cropped-PV_Logo_2048x1152.png","width":2047,"height":683,"caption":"public vision - Videoproduktion und Filmproduktion aus D\u00fcsseldorf"},"image":{"@id":"https:\/\/public-vision.tv\/#\/schema\/logo\/image\/"},"sameAs":["https:\/\/www.facebook.com\/publicvision.de\/","https:\/\/www.youtube.com\/user\/publicvisiontv","https:\/\/www.instagram.com\/public_vision\/?hl=de","https:\/\/www.tiktok.com\/@public_vision_gmbh"]}]}},"_links":{"self":[{"href":"https:\/\/public-vision.tv\/en\/wp-json\/wp\/v2\/pages\/3448","targetHints":{"allow":["GET"]}}],"collection":[{"href":"https:\/\/public-vision.tv\/en\/wp-json\/wp\/v2\/pages"}],"about":[{"href":"https:\/\/public-vision.tv\/en\/wp-json\/wp\/v2\/types\/page"}],"author":[{"embeddable":true,"href":"https:\/\/public-vision.tv\/en\/wp-json\/wp\/v2\/users\/3"}],"replies":[{"embeddable":true,"href":"https:\/\/public-vision.tv\/en\/wp-json\/wp\/v2\/comments?post=3448"}],"version-history":[{"count":1,"href":"https:\/\/public-vision.tv\/en\/wp-json\/wp\/v2\/pages\/3448\/revisions"}],"predecessor-version":[{"id":4174,"href":"https:\/\/public-vision.tv\/en\/wp-json\/wp\/v2\/pages\/3448\/revisions\/4174"}],"wp:attachment":[{"href":"https:\/\/public-vision.tv\/en\/wp-json\/wp\/v2\/media?parent=3448"}],"curies":[{"name":"wp","href":"https:\/\/api.w.org\/{rel}","templated":true}]}}