{"id":78,"date":"2022-10-17T07:03:13","date_gmt":"2022-10-17T07:03:13","guid":{"rendered":"https:\/\/2023.public-vision.tv\/home\/"},"modified":"2024-02-07T11:53:46","modified_gmt":"2024-02-07T10:53:46","slug":"home","status":"publish","type":"page","link":"https:\/\/public-vision.tv\/en\/","title":{"rendered":"Home"},"content":{"rendered":"<div class=\"\\\"wp-block-uagb-container\" uagb-block-597c3f26 alignfull uagb-is-root-container\\\">\n<div class=\"\\\"wp-block-uagb-advanced-heading\" uagb-block-48feaf01\\\"><h1 class=\"\\\"uagb-heading-text\\\"\">EARTH\u200b<\/h1><\/div>\n\n\n\n<div class=\"\\\"wp-block-uagb-info-box\" uagb-block-0a04dde5 uagb-infobox__content-wrap uagb-infobox-icon-above-title uagb-infobox-image-valign-top\\\"><div class=\"\\\"uagb-ifb-content\\\"\"><div class=\"\\\"uagb-ifb-title-wrap\\\"\"><h2 class=\"\\\"uagb-ifb-title\\\"\">ENDLESS POTENTIAL<\/h2><\/div><div class=\"\\\"uagb-ifb-button-wrapper\" wp-block-button\\\"><a href=\"\/en\/\"#\\\"\" class=\"\\\"uagb-infobox-cta-link\" wp-block-button__link\\\" target=\"\\\"_self\\\"\" rel=\"\\\"noopener\" noreferrer\\\" alt=\"\\\"\\\"\"><span class=\"\\\"uagb-inline-editing\\\"\">EXPLORE<\/span><\/a><\/div><\/div><\/div>\n<\/div>\n\n\n\n<div class=\"\\\"wp-block-uagb-container\" uagb-block-7b054d8e alignfull uagb-is-root-container\\\"><div class=\"\\\"uagb-container-inner-blocks-wrap\\\"\">\n<div class=\"\\\"wp-block-uagb-container\" uagb-block-d5c6c3b5\\\">\n<div class=\"\\\"wp-block-uagb-info-box\" uagb-block-8d4266d1 uagb-infobox__content-wrap uagb-infobox-icon-above-title uagb-infobox-image-valign-top\\\"><div class=\"\\\"uagb-ifb-content\\\"\"><div class=\"\\\"uagb-ifb-image-content\\\"\"><img src=\"\\\"https:><\/div><div class=\"\\\"uagb-ifb-title-wrap\\\"\"><h4 class=\"\\\"uagb-ifb-title\\\"\">Web Design<\/h4><\/div><p class=\"\\\"uagb-ifb-desc\\\"\">Custom web design for small businesses, we help you capture new audiences and increase your sales.<\/p><\/div><\/div>\n<\/div>\n\n\n\n<div class=\"\\\"wp-block-uagb-container\" uagb-block-93d09dff\\\">\n<div class=\"\\\"wp-block-uagb-info-box\" uagb-block-26a5dabe uagb-infobox__content-wrap uagb-infobox-icon-above-title uagb-infobox-image-valign-top\\\"><div class=\"\\\"uagb-ifb-content\\\"\"><div class=\"\\\"uagb-ifb-image-content\\\"\"><img src=\"\\\"https:><\/div><div class=\"\\\"uagb-ifb-title-wrap\\\"\"><h4 class=\"\\\"uagb-ifb-title\\\"\">Graphic Design<\/h4><\/div><p class=\"\\\"uagb-ifb-desc\\\"\">Logos, merchandise, and more. Anyone can create nice graphics. We think it\u2019s better to create memorable ones.<\/p><\/div><\/div>\n<\/div>\n\n\n\n<div class=\"\\\"wp-block-uagb-container\" uagb-block-d0de5011\\\">\n<div class=\"\\\"wp-block-uagb-info-box\" uagb-block-d9f7b5eb uagb-infobox__content-wrap uagb-infobox-icon-above-title uagb-infobox-image-valign-top\\\"><div class=\"\\\"uagb-ifb-content\\\"\"><div class=\"\\\"uagb-ifb-image-content\\\"\"><img src=\"\\\"https:><\/div><div class=\"\\\"uagb-ifb-title-wrap\\\"\"><h4 class=\"\\\"uagb-ifb-title\\\"\">Content Creation<\/h4><\/div><p class=\"\\\"uagb-ifb-desc\\\"\">Want to attract people to your website? You have to have the best content in the world. That\u2019s what we do.<\/p><\/div><\/div>\n<\/div>\n<\/div><\/div>\n\n\n\n<div class=\"\\\"wp-block-uagb-container\" uagb-block-c8a01c6e alignfull uagb-is-root-container\\\"><div class=\"\\\"uagb-container-inner-blocks-wrap\\\"\">\n<div class=\"\\\"wp-block-uagb-container\" uagb-block-d2a76066\\\">\n<div class=\"\\\"wp-block-uagb-info-box\" uagb-block-904455ed uagb-infobox__content-wrap uagb-infobox-icon-above-title uagb-infobox-image-valign-top\\\"><div class=\"\\\"uagb-ifb-content\\\"\"><div class=\"\\\"uagb-ifb-title-wrap\\\"\"><h2 class=\"\\\"uagb-ifb-title\\\"\">ABOUT US<\/h2><\/div><p class=\"\\\"uagb-ifb-desc\\\"\">I made it so it is super easy to update and so that it flows perfectly with my tutorials. Lots of love and hundreds of hours went into making it. I hope you love it as much as I do. I wish you the best of luck with your business, enjoy the adventure.<\/p><\/div><\/div>\n<\/div>\n\n\n\n<div class=\"\\\"wp-block-uagb-container\" uagb-block-f96bd569\\\">\n<div class=\"\\\"wp-block-uagb-image\" uagb-block-879b1f5c wp-block-uagb-image--layout-default wp-block-uagb-image--effect-static wp-block-uagb-image--align-none\\\"><figure class=\"\\\"wp-block-uagb-image__figure\\\"\"><img srcset=\"\\\"https:><\/figure><\/div>\n<\/div>\n<\/div><\/div>\n\n\n\n<div class=\"\\\"wp-block-uagb-container\" uagb-block-af490483 alignfull uagb-is-root-container\\\"><div class=\"\\\"uagb-container-inner-blocks-wrap\\\"\">\n<div class=\"\\\"wp-block-uagb-call-to-action\" uagb-block-44ec8c13 wp-block-button\\\"><div class=\"\\\"uagb-cta__wrap\\\"\"><h2 class=\"\\\"uagb-cta__title\\\"\">TALK TO US<\/h2><p class=\"\\\"uagb-cta__desc\\\"\">Have any questions? We are always open to discussing your business, new projects, creative opportunities, and how we can help you.<\/p><\/div><div class=\"\\\"uagb-cta__buttons\\\"\"><a href=\"\/en\/\"#\\\"\" class=\"\\\"uagb-cta__button-link-wrapper\" wp-block-button__link\\\" target=\"\\\"_self\\\"\" rel=\"\\\"noopener\" noreferrer\\\">GET IN TOUCH<\/a><\/div><\/div>\n<\/div><\/div>","protected":false},"excerpt":{"rendered":"","protected":false},"author":3,"featured_media":0,"parent":0,"menu_order":0,"comment_status":"closed","ping_status":"closed","template":"","meta":{"_eb_attr":"","footnotes":""},"class_list":["post-78","page","type-page","status-publish","hentry"],"yoast_head":"<!-- This site is optimized with the Yoast SEO plugin v27.4 - https:\/\/yoast.com\/product\/yoast-seo-wordpress\/ -->\n<title>Home - public vision - Videoproduktion und Filmproduktion aus D\u00fcsseldorf<\/title>\n<meta name=\"description\" content=\"Film- und Videoproduktionen, TV-Produktion, Schulungen und Medientrainings, Websites -hier gibt es bewegte Bilder f\u00fcr alle Anwendungen!\" \/>\n<meta name=\"robots\" content=\"index, follow, max-snippet:-1, max-image-preview:large, max-video-preview:-1\" \/>\n<link rel=\"canonical\" href=\"https:\/\/public-vision.tv\/en\/\" \/>\n<meta property=\"og:locale\" content=\"en_US\" \/>\n<meta property=\"og:type\" content=\"article\" \/>\n<meta property=\"og:title\" content=\"Home - public vision - Videoproduktion und Filmproduktion aus D\u00fcsseldorf\" \/>\n<meta property=\"og:description\" content=\"Film- und Videoproduktionen, TV-Produktion, Schulungen und Medientrainings, Websites -hier gibt es bewegte Bilder f\u00fcr alle Anwendungen!\" \/>\n<meta property=\"og:url\" content=\"https:\/\/public-vision.tv\/en\/\" \/>\n<meta property=\"og:site_name\" content=\"public vision - Videoproduktion und Filmproduktion aus D\u00fcsseldorf\" \/>\n<meta property=\"article:publisher\" content=\"https:\/\/www.facebook.com\/publicvision.de\/\" \/>\n<meta property=\"article:modified_time\" content=\"2024-02-07T10:53:46+00:00\" \/>\n<meta name=\"twitter:card\" content=\"summary_large_image\" \/>\n<meta name=\"twitter:label1\" content=\"Est. reading time\" \/>\n\t<meta name=\"twitter:data1\" content=\"2 minutes\" \/>\n<script type=\"application\/ld+json\" class=\"yoast-schema-graph\">{\"@context\":\"https:\\\/\\\/schema.org\",\"@graph\":[{\"@type\":\"WebPage\",\"@id\":\"https:\\\/\\\/public-vision.tv\\\/\",\"url\":\"https:\\\/\\\/public-vision.tv\\\/\",\"name\":\"Home - public vision - Videoproduktion und Filmproduktion aus D\u00fcsseldorf\",\"isPartOf\":{\"@id\":\"https:\\\/\\\/public-vision.tv\\\/#website\"},\"datePublished\":\"2022-10-17T07:03:13+00:00\",\"dateModified\":\"2024-02-07T10:53:46+00:00\",\"description\":\"Film- und Videoproduktionen, TV-Produktion, Schulungen und Medientrainings, Websites -hier gibt es bewegte Bilder f\u00fcr alle Anwendungen!\",\"breadcrumb\":{\"@id\":\"https:\\\/\\\/public-vision.tv\\\/#breadcrumb\"},\"inLanguage\":\"en-US\",\"potentialAction\":[{\"@type\":\"ReadAction\",\"target\":[\"https:\\\/\\\/public-vision.tv\\\/\"]}]},{\"@type\":\"BreadcrumbList\",\"@id\":\"https:\\\/\\\/public-vision.tv\\\/#breadcrumb\",\"itemListElement\":[{\"@type\":\"ListItem\",\"position\":1,\"name\":\"Startseite\",\"item\":\"https:\\\/\\\/public-vision.tv\\\/\"},{\"@type\":\"ListItem\",\"position\":2,\"name\":\"Home\"}]},{\"@type\":\"WebSite\",\"@id\":\"https:\\\/\\\/public-vision.tv\\\/#website\",\"url\":\"https:\\\/\\\/public-vision.tv\\\/\",\"name\":\"public vision - Videoproduktion und Filmproduktion aus D\u00fcsseldorf\",\"description\":\"public vision GmbH ist eine Film- und Videoproduktionsfirma aus D\u00fcsseldorf mit \u00fcber 20 Jahren Erfahrung. Von TV-Produktionen, Werbungen, Livestreams bis hin zu Social Media-Kampagnen setzen wir Ihre Projekte kreativ und zielgerecht um.\",\"publisher\":{\"@id\":\"https:\\\/\\\/public-vision.tv\\\/#organization\"},\"potentialAction\":[{\"@type\":\"SearchAction\",\"target\":{\"@type\":\"EntryPoint\",\"urlTemplate\":\"https:\\\/\\\/public-vision.tv\\\/?s={search_term_string}\"},\"query-input\":{\"@type\":\"PropertyValueSpecification\",\"valueRequired\":true,\"valueName\":\"search_term_string\"}}],\"inLanguage\":\"en-US\"},{\"@type\":\"Organization\",\"@id\":\"https:\\\/\\\/public-vision.tv\\\/#organization\",\"name\":\"public vision - Videoproduktion und Filmproduktion aus D\u00fcsseldorf\",\"url\":\"https:\\\/\\\/public-vision.tv\\\/\",\"logo\":{\"@type\":\"ImageObject\",\"inLanguage\":\"en-US\",\"@id\":\"https:\\\/\\\/public-vision.tv\\\/#\\\/schema\\\/logo\\\/image\\\/\",\"url\":\"https:\\\/\\\/public-vision.tv\\\/wp-content\\\/uploads\\\/2023\\\/03\\\/cropped-cropped-PV_Logo_2048x1152.png\",\"contentUrl\":\"https:\\\/\\\/public-vision.tv\\\/wp-content\\\/uploads\\\/2023\\\/03\\\/cropped-cropped-PV_Logo_2048x1152.png\",\"width\":2047,\"height\":683,\"caption\":\"public vision - Videoproduktion und Filmproduktion aus D\u00fcsseldorf\"},\"image\":{\"@id\":\"https:\\\/\\\/public-vision.tv\\\/#\\\/schema\\\/logo\\\/image\\\/\"},\"sameAs\":[\"https:\\\/\\\/www.facebook.com\\\/publicvision.de\\\/\",\"https:\\\/\\\/www.youtube.com\\\/user\\\/publicvisiontv\",\"https:\\\/\\\/www.instagram.com\\\/public_vision\\\/?hl=de\",\"https:\\\/\\\/www.tiktok.com\\\/@public_vision_gmbh\"]}]}<\/script>\n<!-- \/ Yoast SEO plugin. -->","yoast_head_json":{"title":"Home - public vision - Videoproduktion und Filmproduktion aus D\u00fcsseldorf","description":"Film- und Videoproduktionen, TV-Produktion, Schulungen und Medientrainings, Websites -hier gibt es bewegte Bilder f\u00fcr alle Anwendungen!","robots":{"index":"index","follow":"follow","max-snippet":"max-snippet:-1","max-image-preview":"max-image-preview:large","max-video-preview":"max-video-preview:-1"},"canonical":"https:\/\/public-vision.tv\/en\/","og_locale":"en_US","og_type":"article","og_title":"Home - public vision - Videoproduktion und Filmproduktion aus D\u00fcsseldorf","og_description":"Film- und Videoproduktionen, TV-Produktion, Schulungen und Medientrainings, Websites -hier gibt es bewegte Bilder f\u00fcr alle Anwendungen!","og_url":"https:\/\/public-vision.tv\/en\/","og_site_name":"public vision - Videoproduktion und Filmproduktion aus D\u00fcsseldorf","article_publisher":"https:\/\/www.facebook.com\/publicvision.de\/","article_modified_time":"2024-02-07T10:53:46+00:00","twitter_card":"summary_large_image","twitter_misc":{"Est. reading time":"2 minutes"},"schema":{"@context":"https:\/\/schema.org","@graph":[{"@type":"WebPage","@id":"https:\/\/public-vision.tv\/","url":"https:\/\/public-vision.tv\/","name":"Home - public vision - Videoproduktion und Filmproduktion aus D\u00fcsseldorf","isPartOf":{"@id":"https:\/\/public-vision.tv\/#website"},"datePublished":"2022-10-17T07:03:13+00:00","dateModified":"2024-02-07T10:53:46+00:00","description":"Film- und Videoproduktionen, TV-Produktion, Schulungen und Medientrainings, Websites -hier gibt es bewegte Bilder f\u00fcr alle Anwendungen!","breadcrumb":{"@id":"https:\/\/public-vision.tv\/#breadcrumb"},"inLanguage":"en-US","potentialAction":[{"@type":"ReadAction","target":["https:\/\/public-vision.tv\/"]}]},{"@type":"BreadcrumbList","@id":"https:\/\/public-vision.tv\/#breadcrumb","itemListElement":[{"@type":"ListItem","position":1,"name":"Startseite","item":"https:\/\/public-vision.tv\/"},{"@type":"ListItem","position":2,"name":"Home"}]},{"@type":"WebSite","@id":"https:\/\/public-vision.tv\/#website","url":"https:\/\/public-vision.tv\/","name":"public vision - Videoproduktion und Filmproduktion aus D\u00fcsseldorf","description":"public vision GmbH ist eine Film- und Videoproduktionsfirma aus D\u00fcsseldorf mit \u00fcber 20 Jahren Erfahrung. Von TV-Produktionen, Werbungen, Livestreams bis hin zu Social Media-Kampagnen setzen wir Ihre Projekte kreativ und zielgerecht um.","publisher":{"@id":"https:\/\/public-vision.tv\/#organization"},"potentialAction":[{"@type":"SearchAction","target":{"@type":"EntryPoint","urlTemplate":"https:\/\/public-vision.tv\/?s={search_term_string}"},"query-input":{"@type":"PropertyValueSpecification","valueRequired":true,"valueName":"search_term_string"}}],"inLanguage":"en-US"},{"@type":"Organization","@id":"https:\/\/public-vision.tv\/#organization","name":"public vision - Videoproduktion und Filmproduktion aus D\u00fcsseldorf","url":"https:\/\/public-vision.tv\/","logo":{"@type":"ImageObject","inLanguage":"en-US","@id":"https:\/\/public-vision.tv\/#\/schema\/logo\/image\/","url":"https:\/\/public-vision.tv\/wp-content\/uploads\/2023\/03\/cropped-cropped-PV_Logo_2048x1152.png","contentUrl":"https:\/\/public-vision.tv\/wp-content\/uploads\/2023\/03\/cropped-cropped-PV_Logo_2048x1152.png","width":2047,"height":683,"caption":"public vision - Videoproduktion und Filmproduktion aus D\u00fcsseldorf"},"image":{"@id":"https:\/\/public-vision.tv\/#\/schema\/logo\/image\/"},"sameAs":["https:\/\/www.facebook.com\/publicvision.de\/","https:\/\/www.youtube.com\/user\/publicvisiontv","https:\/\/www.instagram.com\/public_vision\/?hl=de","https:\/\/www.tiktok.com\/@public_vision_gmbh"]}]}},"_links":{"self":[{"href":"https:\/\/public-vision.tv\/en\/wp-json\/wp\/v2\/pages\/78","targetHints":{"allow":["GET"]}}],"collection":[{"href":"https:\/\/public-vision.tv\/en\/wp-json\/wp\/v2\/pages"}],"about":[{"href":"https:\/\/public-vision.tv\/en\/wp-json\/wp\/v2\/types\/page"}],"author":[{"embeddable":true,"href":"https:\/\/public-vision.tv\/en\/wp-json\/wp\/v2\/users\/3"}],"replies":[{"embeddable":true,"href":"https:\/\/public-vision.tv\/en\/wp-json\/wp\/v2\/comments?post=78"}],"version-history":[{"count":0,"href":"https:\/\/public-vision.tv\/en\/wp-json\/wp\/v2\/pages\/78\/revisions"}],"wp:attachment":[{"href":"https:\/\/public-vision.tv\/en\/wp-json\/wp\/v2\/media?parent=78"}],"curies":[{"name":"wp","href":"https:\/\/api.w.org\/{rel}","templated":true}]}}